{"id":2174,"date":"2024-02-29T17:14:31","date_gmt":"2024-02-29T16:14:31","guid":{"rendered":"https:\/\/qinera.com\/?page_id=2174"},"modified":"2026-03-23T09:53:29","modified_gmt":"2026-03-23T08:53:29","slug":"politica-de-privacidad","status":"publish","type":"page","link":"https:\/\/qinera.com\/es\/politica-de-privacidad\/","title":{"rendered":"Pol\u00edtica de privacidad"},"content":{"rendered":"\t\t<div data-elementor-type=\"wp-page\" data-elementor-id=\"2174\" class=\"elementor elementor-2174\" data-elementor-post-type=\"page\">\n\t\t\t\t<div class=\"elementor-element elementor-element-11479ef e-flex e-con-boxed e-con e-parent\" data-id=\"11479ef\" data-element_type=\"container\">\n\t\t\t\t\t<div class=\"e-con-inner\">\n\t\t<div class=\"elementor-element elementor-element-496375d e-con-full e-flex e-con e-child\" data-id=\"496375d\" data-element_type=\"container\">\n\t\t\t\t<div class=\"elementor-element elementor-element-e45ca85 elementor-widget elementor-widget-text-editor\" data-id=\"e45ca85\" data-element_type=\"widget\" data-widget_type=\"text-editor.default\">\n\t\t\t\t<div class=\"elementor-widget-container\">\n\t\t\t\t\t\t\t\t\t<p>En cumplimiento de lo establecido en el Reglamento (UE) 2016\/679 del Parlamento Europeo y del Consejo de 27 de abril de 2016 relativo a la protecci\u00f3n de las personas f\u00edsicas en lo que respecta al tratamiento de datos personales y a la libre circulaci\u00f3n de estos y en la Ley Org\u00e1nica 3\/2018, de 5 de diciembre, de Protecci\u00f3n de Datos Personales y garant\u00eda de los derechos digitales, as\u00ed como en su normativa de desarrollo, les facilitamos informaci\u00f3n ampliada en la presente Pol\u00edtica de Privacidad.<\/p>\t\t\t\t\t\t\t\t<\/div>\n\t\t\t\t<\/div>\n\t\t\t\t<\/div>\n\t\t<div class=\"elementor-element elementor-element-dd14d06 e-con-full e-flex e-con e-child\" data-id=\"dd14d06\" data-element_type=\"container\">\n\t\t\t\t<\/div>\n\t\t\t\t\t<\/div>\n\t\t\t\t<\/div>\n\t\t<div class=\"elementor-element elementor-element-165b4af e-flex e-con-boxed e-con e-parent\" data-id=\"165b4af\" data-element_type=\"container\">\n\t\t\t\t\t<div class=\"e-con-inner\">\n\t\t<div class=\"elementor-element elementor-element-d3e7d49 e-con-full e-flex e-con e-child\" data-id=\"d3e7d49\" data-element_type=\"container\">\n\t\t\t\t<div class=\"elementor-element elementor-element-ea16c10 elementor-widget elementor-widget-heading\" data-id=\"ea16c10\" data-element_type=\"widget\" data-widget_type=\"heading.default\">\n\t\t\t\t<div class=\"elementor-widget-container\">\n\t\t\t\t\t<h4 class=\"elementor-heading-title elementor-size-default\">Qui\u00e9n es el responsable del tratamiento de sus datos<\/h4>\t\t\t\t<\/div>\n\t\t\t\t<\/div>\n\t\t\t\t<div class=\"elementor-element elementor-element-8141228 elementor-widget elementor-widget-text-editor\" data-id=\"8141228\" data-element_type=\"widget\" data-widget_type=\"text-editor.default\">\n\t\t\t\t<div class=\"elementor-widget-container\">\n\t\t\t\t\t\t\t\t\t<ul><li data-start=\"973\" data-end=\"1007\"><p data-start=\"975\" data-end=\"1007\">Identidad: Qinera BJ, SCCL<\/p><\/li><li data-start=\"1008\" data-end=\"1069\"><p data-start=\"1010\" data-end=\"1069\">Direcci\u00f3n Postal: Carrer Pac\u00edfic, 51, 08027 Barcelona<\/p><\/li><li data-start=\"1070\" data-end=\"1099\"><p data-start=\"1072\" data-end=\"1099\">Tel\u00e9fono: 932 850 437<\/p><\/li><li data-start=\"1100\" data-end=\"1141\"><p data-start=\"1102\" data-end=\"1141\">Correo electr\u00f3nico: <a class=\"cursor-pointer\" rel=\"noopener\" data-start=\"1124\" data-end=\"1139\">info@qinera.com<\/a><\/p><\/li><\/ul>\t\t\t\t\t\t\t\t<\/div>\n\t\t\t\t<\/div>\n\t\t\t\t<\/div>\n\t\t<div class=\"elementor-element elementor-element-5659c40 e-con-full e-flex e-con e-child\" data-id=\"5659c40\" data-element_type=\"container\">\n\t\t\t\t<\/div>\n\t\t\t\t\t<\/div>\n\t\t\t\t<\/div>\n\t\t<div class=\"elementor-element elementor-element-a2d9644 e-flex e-con-boxed e-con e-parent\" data-id=\"a2d9644\" data-element_type=\"container\">\n\t\t\t\t\t<div class=\"e-con-inner\">\n\t\t<div class=\"elementor-element elementor-element-4882b51 e-con-full e-flex e-con e-child\" data-id=\"4882b51\" data-element_type=\"container\">\n\t\t\t\t<div class=\"elementor-element elementor-element-dc1911d elementor-widget elementor-widget-heading\" data-id=\"dc1911d\" data-element_type=\"widget\" data-widget_type=\"heading.default\">\n\t\t\t\t<div class=\"elementor-widget-container\">\n\t\t\t\t\t<h4 class=\"elementor-heading-title elementor-size-default\">Con qu\u00e9 finalidad tratamos sus datos personales<\/h4>\t\t\t\t<\/div>\n\t\t\t\t<\/div>\n\t\t\t\t<div class=\"elementor-element elementor-element-e8eae1f elementor-widget elementor-widget-text-editor\" data-id=\"e8eae1f\" data-element_type=\"widget\" data-widget_type=\"text-editor.default\">\n\t\t\t\t<div class=\"elementor-widget-container\">\n\t\t\t\t\t\t\t\t\t<p>En Qinera tratamos la informaci\u00f3n que nos facilitan las personas interesadas con el fin de prestar los servicios y\/o productos ofrecidos por nuestra firma.<\/p><p>En el servicio de post-venta, se podr\u00e1 acceder a la imagen del usuario ya que la conexi\u00f3n ser\u00e1 a trav\u00e9s de una acceso remoto en directo. Esta imagen no ser\u00e1 grabada ni tratada posteriormente, ya que solo se utilizar\u00e1 para el servicio postventa en directo. La legitimaci\u00f3n para este tratamiento ser\u00e1 el consentimiento del interesado.<\/p><p>No se van a tomar decisiones automatizadas en base a los datos proporcionados.<\/p>\t\t\t\t\t\t\t\t<\/div>\n\t\t\t\t<\/div>\n\t\t\t\t<div class=\"elementor-element elementor-element-d7a4964 elementor-widget elementor-widget-heading\" data-id=\"d7a4964\" data-element_type=\"widget\" data-widget_type=\"heading.default\">\n\t\t\t\t<div class=\"elementor-widget-container\">\n\t\t\t\t\t<h4 class=\"elementor-heading-title elementor-size-default\">Por cu\u00e1nto tiempo conservaremos sus datos<\/h4>\t\t\t\t<\/div>\n\t\t\t\t<\/div>\n\t\t\t\t<div class=\"elementor-element elementor-element-3acfbd4 elementor-widget elementor-widget-text-editor\" data-id=\"3acfbd4\" data-element_type=\"widget\" data-widget_type=\"text-editor.default\">\n\t\t\t\t<div class=\"elementor-widget-container\">\n\t\t\t\t\t\t\t\t\t<p>Los datos personales proporcionados se conservar\u00e1n por el tiempo imprescindible para la prestaci\u00f3n del servicio solicitado o comercializaci\u00f3n del producto, mientras el interesado no solicite su supresi\u00f3n y durante los plazos legalmente establecidos.<\/p>\t\t\t\t\t\t\t\t<\/div>\n\t\t\t\t<\/div>\n\t\t\t\t<\/div>\n\t\t<div class=\"elementor-element elementor-element-c09a45e e-con-full e-flex e-con e-child\" data-id=\"c09a45e\" data-element_type=\"container\">\n\t\t\t\t<div class=\"elementor-element elementor-element-ea00036 elementor-widget__width-auto elementor-absolute elementor-widget elementor-widget-image\" data-id=\"ea00036\" data-element_type=\"widget\" data-settings=\"{&quot;_position&quot;:&quot;absolute&quot;}\" data-widget_type=\"image.default\">\n\t\t\t\t<div class=\"elementor-widget-container\">\n\t\t\t\t\t\t\t\t\t\t\t\t\t\t\t<img fetchpriority=\"high\" decoding=\"async\" width=\"1024\" height=\"512\" src=\"https:\/\/qinera.com\/app\/uploads\/2023\/09\/logo-media-color4-big.svg\" class=\"attachment-large size-large wp-image-801\" alt=\"\" \/>\t\t\t\t\t\t\t\t\t\t\t\t\t\t\t<\/div>\n\t\t\t\t<\/div>\n\t\t\t\t<\/div>\n\t\t\t\t\t<\/div>\n\t\t\t\t<\/div>\n\t\t<div class=\"elementor-element elementor-element-0c2e784 e-flex e-con-boxed e-con e-parent\" data-id=\"0c2e784\" data-element_type=\"container\">\n\t\t\t\t\t<div class=\"e-con-inner\">\n\t\t<div class=\"elementor-element elementor-element-db12273 e-con-full e-flex e-con e-child\" data-id=\"db12273\" data-element_type=\"container\">\n\t\t\t\t<div class=\"elementor-element elementor-element-450e0d2 elementor-widget elementor-widget-heading\" data-id=\"450e0d2\" data-element_type=\"widget\" data-widget_type=\"heading.default\">\n\t\t\t\t<div class=\"elementor-widget-container\">\n\t\t\t\t\t<h4 class=\"elementor-heading-title elementor-size-default\">Cu\u00e1l es la legitimaci\u00f3n para el tratamiento de sus datos<\/h4>\t\t\t\t<\/div>\n\t\t\t\t<\/div>\n\t\t\t\t<div class=\"elementor-element elementor-element-1904150 elementor-widget elementor-widget-text-editor\" data-id=\"1904150\" data-element_type=\"widget\" data-widget_type=\"text-editor.default\">\n\t\t\t\t<div class=\"elementor-widget-container\">\n\t\t\t\t\t\t\t\t\t<p>La base legal para el tratamiento de sus datos ser\u00e1, seg\u00fan el caso, el consentimiento del interesado, la ejecuci\u00f3n de un contrato o el inter\u00e9s leg\u00edtimo.<\/p><p>La base legal para el tratamiento de las im\u00e1genes ser\u00e1 el consentimiento del interesado.<\/p><p>La base legal para la conexi\u00f3n mediante acceso remoto con el usuario para el servicio post-venta, ser\u00e1 el consentimiento del interesado.<\/p><p>El tratamiento de datos para el env\u00edo de comunicaciones comerciales a nuestros clientes y contactos comerciales que se hayan registrado en nuestra web se ampara en el inter\u00e9s leg\u00edtimo establecido en el Reglamento Europeo de Protecci\u00f3n de Datos y en la Ley de Servicios para la Sociedad de la Informaci\u00f3n y de Comercio Electr\u00f3nico. Si prefiere no recibir estos mensajes por correo electr\u00f3nico le ofreceremos a trav\u00e9s de los mismos la posibilidad de ejercer su derecho de oposici\u00f3n a dicho tratamiento.<\/p>\t\t\t\t\t\t\t\t<\/div>\n\t\t\t\t<\/div>\n\t\t\t\t<\/div>\n\t\t<div class=\"elementor-element elementor-element-c0a0f73 e-con-full e-flex e-con e-child\" data-id=\"c0a0f73\" data-element_type=\"container\">\n\t\t\t\t<\/div>\n\t\t\t\t\t<\/div>\n\t\t\t\t<\/div>\n\t\t<div class=\"elementor-element elementor-element-2b7383c e-flex e-con-boxed e-con e-parent\" data-id=\"2b7383c\" data-element_type=\"container\">\n\t\t\t\t\t<div class=\"e-con-inner\">\n\t\t<div class=\"elementor-element elementor-element-7f80fc4 e-con-full e-flex e-con e-child\" data-id=\"7f80fc4\" data-element_type=\"container\">\n\t\t\t\t<div class=\"elementor-element elementor-element-b2a60bc elementor-widget elementor-widget-heading\" data-id=\"b2a60bc\" data-element_type=\"widget\" data-widget_type=\"heading.default\">\n\t\t\t\t<div class=\"elementor-widget-container\">\n\t\t\t\t\t<h4 class=\"elementor-heading-title elementor-size-default\">A qu\u00e9 destinatarios se comunicar\u00e1n sus datos<\/h4>\t\t\t\t<\/div>\n\t\t\t\t<\/div>\n\t\t\t\t<div class=\"elementor-element elementor-element-4767bd1 elementor-widget elementor-widget-text-editor\" data-id=\"4767bd1\" data-element_type=\"widget\" data-widget_type=\"text-editor.default\">\n\t\t\t\t<div class=\"elementor-widget-container\">\n\t\t\t\t\t\t\t\t\t<p>Los datos podr\u00e1n ser facilitados a otras empresas que conforman el grupo empresarial \u00fanicamente con fines organizativos y de gesti\u00f3n comercial. Los datos tambi\u00e9n se comunicar\u00e1n a todos los terceros necesarios para cumplir con las obligaciones legales.<\/p>\t\t\t\t\t\t\t\t<\/div>\n\t\t\t\t<\/div>\n\t\t\t\t<\/div>\n\t\t<div class=\"elementor-element elementor-element-1227c3c e-con-full e-flex e-con e-child\" data-id=\"1227c3c\" data-element_type=\"container\">\n\t\t\t\t<\/div>\n\t\t\t\t\t<\/div>\n\t\t\t\t<\/div>\n\t\t<div class=\"elementor-element elementor-element-bb7b202 e-flex e-con-boxed e-con e-parent\" data-id=\"bb7b202\" data-element_type=\"container\">\n\t\t\t\t\t<div class=\"e-con-inner\">\n\t\t<div class=\"elementor-element elementor-element-c87de7a e-con-full e-flex e-con e-child\" data-id=\"c87de7a\" data-element_type=\"container\">\n\t\t\t\t<div class=\"elementor-element elementor-element-21ea02a elementor-widget elementor-widget-heading\" data-id=\"21ea02a\" data-element_type=\"widget\" data-widget_type=\"heading.default\">\n\t\t\t\t<div class=\"elementor-widget-container\">\n\t\t\t\t\t<h4 class=\"elementor-heading-title elementor-size-default\">Transferencias de datos a terceros pa\u00edses<\/h4>\t\t\t\t<\/div>\n\t\t\t\t<\/div>\n\t\t\t\t<div class=\"elementor-element elementor-element-0ee239c elementor-widget elementor-widget-text-editor\" data-id=\"0ee239c\" data-element_type=\"widget\" data-widget_type=\"text-editor.default\">\n\t\t\t\t<div class=\"elementor-widget-container\">\n\t\t\t\t\t\t\t\t\t<p>Las \u00fanicas transferencias de datos a terceros pa\u00edses que se realizan consisten en el alojamiento de datos en servidores ubicados en EEUU, con garant\u00edas de cumplimiento del RGPD y la firma de las Cl\u00e1usulas Contractuales Tipo aprobadas por la Comisi\u00f3n Europea.<\/p>\t\t\t\t\t\t\t\t<\/div>\n\t\t\t\t<\/div>\n\t\t\t\t<\/div>\n\t\t<div class=\"elementor-element elementor-element-1dbc446 e-con-full e-flex e-con e-child\" data-id=\"1dbc446\" data-element_type=\"container\">\n\t\t\t\t<\/div>\n\t\t\t\t\t<\/div>\n\t\t\t\t<\/div>\n\t\t<div class=\"elementor-element elementor-element-244580b e-flex e-con-boxed e-con e-parent\" data-id=\"244580b\" data-element_type=\"container\">\n\t\t\t\t\t<div class=\"e-con-inner\">\n\t\t<div class=\"elementor-element elementor-element-6b27a35 e-con-full e-flex e-con e-child\" data-id=\"6b27a35\" data-element_type=\"container\">\n\t\t\t\t<div class=\"elementor-element elementor-element-b34b95f elementor-widget elementor-widget-heading\" data-id=\"b34b95f\" data-element_type=\"widget\" data-widget_type=\"heading.default\">\n\t\t\t\t<div class=\"elementor-widget-container\">\n\t\t\t\t\t<h4 class=\"elementor-heading-title elementor-size-default\">C\u00f3mo hemos obtenido sus datos<\/h4>\t\t\t\t<\/div>\n\t\t\t\t<\/div>\n\t\t\t\t<div class=\"elementor-element elementor-element-6ca8696 elementor-widget elementor-widget-text-editor\" data-id=\"6ca8696\" data-element_type=\"widget\" data-widget_type=\"text-editor.default\">\n\t\t\t\t<div class=\"elementor-widget-container\">\n\t\t\t\t\t\t\t\t\t<p>Los datos provienen del propio interesado, o bien del padre, madre o tutor legal en caso de menores de 14 a\u00f1os o personas discapacitadas. En ocasiones los datos del usuarios nos lo facilitan las propias residencias o los centros especiales de educaci\u00f3n.<\/p><p>Las categor\u00edas especiales de datos que se tratan son datos de salud.<\/p>\t\t\t\t\t\t\t\t<\/div>\n\t\t\t\t<\/div>\n\t\t\t\t<\/div>\n\t\t<div class=\"elementor-element elementor-element-a4ad62f e-con-full e-flex e-con e-child\" data-id=\"a4ad62f\" data-element_type=\"container\">\n\t\t\t\t<\/div>\n\t\t\t\t\t<\/div>\n\t\t\t\t<\/div>\n\t\t<div class=\"elementor-element elementor-element-a431c30 e-flex e-con-boxed e-con e-parent\" data-id=\"a431c30\" data-element_type=\"container\">\n\t\t\t\t\t<div class=\"e-con-inner\">\n\t\t<div class=\"elementor-element elementor-element-8f50b47 e-con-full e-flex e-con e-child\" data-id=\"8f50b47\" data-element_type=\"container\">\n\t\t\t\t<div class=\"elementor-element elementor-element-d339b7f elementor-widget elementor-widget-heading\" data-id=\"d339b7f\" data-element_type=\"widget\" data-widget_type=\"heading.default\">\n\t\t\t\t<div class=\"elementor-widget-container\">\n\t\t\t\t\t<h4 class=\"elementor-heading-title elementor-size-default\">Cu\u00e1les son sus derechos cuando nos facilita sus datos<\/h4>\t\t\t\t<\/div>\n\t\t\t\t<\/div>\n\t\t\t\t<div class=\"elementor-element elementor-element-275862f elementor-widget elementor-widget-text-editor\" data-id=\"275862f\" data-element_type=\"widget\" data-widget_type=\"text-editor.default\">\n\t\t\t\t<div class=\"elementor-widget-container\">\n\t\t\t\t\t\t\t\t\t<p>Cualquier persona tiene derecho a obtener informaci\u00f3n sobre si Qinera estamos tratando datos personales que les conciernan, o no.<\/p><p>Las personas interesadas tienen derecho a acceder a sus datos personales, as\u00ed como a solicitar la rectificaci\u00f3n de los datos inexactos o, en su caso, solicitar su supresi\u00f3n cuando, entre otros motivos, los datos ya no sean necesarios para los fines que fueron recogidos. Igualmente tiene derecho a la portabilidad de sus datos.<\/p><p>En determinadas circunstancias, los interesados podr\u00e1n solicitar la limitaci\u00f3n del tratamiento de sus datos, en cuyo caso \u00fanicamente los conservaremos para el ejercicio o la defensa de reclamaciones.<\/p><p>En determinadas circunstancias y por motivos relacionados con su situaci\u00f3n particular, los interesados podr\u00e1n oponerse al tratamiento de sus datos. En este caso, Qinera dejar\u00e1 de tratar los datos, salvo por motivos leg\u00edtimos imperiosos, o el ejercicio o la defensa de posibles reclamaciones.<\/p><p>Podr\u00e1 ejercitar materialmente sus derechos enviando un correo electr\u00f3nico a info@qinera.com identific\u00e1ndose debidamente e indicando de forma expresa el concreto derecho que se quiere ejercer.<\/p><p>Si ha otorgado su consentimiento para alguna finalidad concreta, tiene derecho a retirar el consentimiento otorgado en cualquier momento, sin que ello afecte a la licitud del tratamiento basado en el consentimiento previo a su retirada.<\/p><p>En caso de que sienta vulnerados sus derechos en lo concerniente a la protecci\u00f3n de sus datos personales, especialmente cuando no haya obtenido satisfacci\u00f3n en el ejercicio de sus derechos, puede dirigirse al Delegado de Protecci\u00f3n de Datos, si ha sido designado, o presentar una reclamaci\u00f3n ante la Autoridad de Control en materia de Protecci\u00f3n de Datos competente a trav\u00e9s de su sitio web: <strong>www.aepd.es<\/strong><\/p>\t\t\t\t\t\t\t\t<\/div>\n\t\t\t\t<\/div>\n\t\t\t\t<\/div>\n\t\t<div class=\"elementor-element elementor-element-8ea676f e-con-full e-flex e-con e-child\" data-id=\"8ea676f\" data-element_type=\"container\">\n\t\t\t\t<\/div>\n\t\t\t\t\t<\/div>\n\t\t\t\t<\/div>\n\t\t<div class=\"elementor-element elementor-element-477352b e-flex e-con-boxed e-con e-parent\" data-id=\"477352b\" data-element_type=\"container\">\n\t\t\t\t\t<div class=\"e-con-inner\">\n\t\t<div class=\"elementor-element elementor-element-34ee686 e-con-full e-flex e-con e-child\" data-id=\"34ee686\" data-element_type=\"container\">\n\t\t\t\t<div class=\"elementor-element elementor-element-bc735f9 elementor-widget elementor-widget-heading\" data-id=\"bc735f9\" data-element_type=\"widget\" data-widget_type=\"heading.default\">\n\t\t\t\t<div class=\"elementor-widget-container\">\n\t\t\t\t\t<h4 class=\"elementor-heading-title elementor-size-default\">M\u00e1s informaci\u00f3n sobre el tratamiento de sus datos<\/h4>\t\t\t\t<\/div>\n\t\t\t\t<\/div>\n\t\t\t\t<div class=\"elementor-element elementor-element-2c87874 elementor-widget elementor-widget-text-editor\" data-id=\"2c87874\" data-element_type=\"widget\" data-widget_type=\"text-editor.default\">\n\t\t\t\t<div class=\"elementor-widget-container\">\n\t\t\t\t\t\t\t\t\t<p>Cuando precisemos obtener informaci\u00f3n por su parte, siempre le solicitaremos que nos la proporcione voluntariamente prestando su consentimiento de forma expresa a trav\u00e9s de los medios habilitados para ello.<\/p><p>El tratamiento de los datos recabados a trav\u00e9s de los formularios de recogida de datos del sitio web u otras v\u00edas, quedar\u00e1 incorporado al Registro de Actividades de Tratamiento del cual es responsable Qinera.<\/p><p>Qinera trata los datos de forma confidencial y adopta las medidas t\u00e9cnicas y organizativas apropiadas para garantizar el nivel de seguridad adecuado al tratamiento, en cumplimiento de lo requerido por el Reglamento (UE) 2016\/679 del Parlamento Europeo y del Consejo de 27 de abril de 2016 y dem\u00e1s normativa aplicable en materia de Protecci\u00f3n de Datos.<\/p><p>No obstante, Qinera no puede garantizar la absoluta invulnerabilidad de los sistemas, por tanto, no asume ninguna responsabilidad por los da\u00f1os y perjuicios derivados de alteraciones que terceros puedan causar en los sistemas inform\u00e1ticos, documentos electr\u00f3nicos o ficheros del usuario.<\/p><p>Si opta por abandonar nuestro sitio web a trav\u00e9s de enlaces a sitios web no pertenecientes a nuestra entidad, Qinera no se har\u00e1 responsable de las pol\u00edticas de privacidad de dichos sitios web ni de las cookies que \u00e9stos puedan almacenar en el ordenador del usuario.<\/p>\t\t\t\t\t\t\t\t<\/div>\n\t\t\t\t<\/div>\n\t\t\t\t<\/div>\n\t\t<div class=\"elementor-element elementor-element-4cfe21b e-con-full e-flex e-con e-child\" data-id=\"4cfe21b\" data-element_type=\"container\">\n\t\t\t\t<\/div>\n\t\t\t\t\t<\/div>\n\t\t\t\t<\/div>\n\t\t\t\t<\/div>\n\t\t","protected":false},"excerpt":{"rendered":"<p>En cumplimiento de lo establecido en el Reglamento (UE) 2016\/679 del Parlamento Europeo y del Consejo de 27 de abril de 2016 relativo a la protecci\u00f3n de las personas f\u00edsicas&#8230;<\/p>\n","protected":false},"author":1,"featured_media":0,"parent":0,"menu_order":0,"comment_status":"closed","ping_status":"closed","template":"","meta":{"_acf_changed":false,"inline_featured_image":false,"footnotes":""},"class_list":["post-2174","page","type-page","status-publish","hentry"],"acf":[],"yoast_head":"<!-- This site is optimized with the Yoast SEO plugin v26.1.1 - https:\/\/yoast.com\/wordpress\/plugins\/seo\/ -->\n<title>Pol\u00edtica de privacidad - Qinera<\/title>\n<meta name=\"robots\" content=\"index, follow, max-snippet:-1, max-image-preview:large, max-video-preview:-1\" \/>\n<link rel=\"canonical\" href=\"https:\/\/qinera.com\/es\/politica-de-privacidad\/\" \/>\n<meta property=\"og:locale\" content=\"es_ES\" \/>\n<meta property=\"og:type\" content=\"article\" \/>\n<meta property=\"og:title\" content=\"Pol\u00edtica de privacidad - Qinera\" \/>\n<meta property=\"og:description\" content=\"En cumplimiento de lo establecido en el Reglamento (UE) 2016\/679 del Parlamento Europeo y del Consejo de 27 de abril de 2016 relativo a la protecci\u00f3n de las personas f\u00edsicas...\" \/>\n<meta property=\"og:url\" content=\"https:\/\/qinera.com\/es\/politica-de-privacidad\/\" \/>\n<meta property=\"og:site_name\" content=\"Qinera\" \/>\n<meta property=\"article:modified_time\" content=\"2026-03-23T08:53:29+00:00\" \/>\n<meta name=\"twitter:card\" content=\"summary_large_image\" \/>\n<meta name=\"twitter:label1\" content=\"Tiempo de lectura\" \/>\n\t<meta name=\"twitter:data1\" content=\"5 minutos\" \/>\n<script type=\"application\/ld+json\" class=\"yoast-schema-graph\">{\"@context\":\"https:\/\/schema.org\",\"@graph\":[{\"@type\":\"WebPage\",\"@id\":\"https:\/\/qinera.com\/es\/politica-de-privacidad\/\",\"url\":\"https:\/\/qinera.com\/es\/politica-de-privacidad\/\",\"name\":\"Pol\u00edtica de privacidad - Qinera\",\"isPartOf\":{\"@id\":\"https:\/\/qinera.com\/es\/#website\"},\"primaryImageOfPage\":{\"@id\":\"https:\/\/qinera.com\/es\/politica-de-privacidad\/#primaryimage\"},\"image\":{\"@id\":\"https:\/\/qinera.com\/es\/politica-de-privacidad\/#primaryimage\"},\"thumbnailUrl\":\"https:\/\/qinera.com\/app\/uploads\/2023\/09\/logo-media-color4-big.svg\",\"datePublished\":\"2024-02-29T16:14:31+00:00\",\"dateModified\":\"2026-03-23T08:53:29+00:00\",\"breadcrumb\":{\"@id\":\"https:\/\/qinera.com\/es\/politica-de-privacidad\/#breadcrumb\"},\"inLanguage\":\"es\",\"potentialAction\":[{\"@type\":\"ReadAction\",\"target\":[\"https:\/\/qinera.com\/es\/politica-de-privacidad\/\"]}]},{\"@type\":\"ImageObject\",\"inLanguage\":\"es\",\"@id\":\"https:\/\/qinera.com\/es\/politica-de-privacidad\/#primaryimage\",\"url\":\"https:\/\/qinera.com\/app\/uploads\/2023\/09\/logo-media-color4-big.svg\",\"contentUrl\":\"https:\/\/qinera.com\/app\/uploads\/2023\/09\/logo-media-color4-big.svg\"},{\"@type\":\"BreadcrumbList\",\"@id\":\"https:\/\/qinera.com\/es\/politica-de-privacidad\/#breadcrumb\",\"itemListElement\":[{\"@type\":\"ListItem\",\"position\":1,\"name\":\"Portada\",\"item\":\"https:\/\/qinera.com\/es\/\"},{\"@type\":\"ListItem\",\"position\":2,\"name\":\"Pol\u00edtica de privacidad\"}]},{\"@type\":\"WebSite\",\"@id\":\"https:\/\/qinera.com\/es\/#website\",\"url\":\"https:\/\/qinera.com\/es\/\",\"name\":\"Qinera\",\"description\":\"\",\"potentialAction\":[{\"@type\":\"SearchAction\",\"target\":{\"@type\":\"EntryPoint\",\"urlTemplate\":\"https:\/\/qinera.com\/es\/?s={search_term_string}\"},\"query-input\":{\"@type\":\"PropertyValueSpecification\",\"valueRequired\":true,\"valueName\":\"search_term_string\"}}],\"inLanguage\":\"es\"}]}<\/script>\n<!-- \/ Yoast SEO plugin. -->","yoast_head_json":{"title":"Pol\u00edtica de privacidad - Qinera","robots":{"index":"index","follow":"follow","max-snippet":"max-snippet:-1","max-image-preview":"max-image-preview:large","max-video-preview":"max-video-preview:-1"},"canonical":"https:\/\/qinera.com\/es\/politica-de-privacidad\/","og_locale":"es_ES","og_type":"article","og_title":"Pol\u00edtica de privacidad - Qinera","og_description":"En cumplimiento de lo establecido en el Reglamento (UE) 2016\/679 del Parlamento Europeo y del Consejo de 27 de abril de 2016 relativo a la protecci\u00f3n de las personas f\u00edsicas...","og_url":"https:\/\/qinera.com\/es\/politica-de-privacidad\/","og_site_name":"Qinera","article_modified_time":"2026-03-23T08:53:29+00:00","twitter_card":"summary_large_image","twitter_misc":{"Tiempo de lectura":"5 minutos"},"schema":{"@context":"https:\/\/schema.org","@graph":[{"@type":"WebPage","@id":"https:\/\/qinera.com\/es\/politica-de-privacidad\/","url":"https:\/\/qinera.com\/es\/politica-de-privacidad\/","name":"Pol\u00edtica de privacidad - Qinera","isPartOf":{"@id":"https:\/\/qinera.com\/es\/#website"},"primaryImageOfPage":{"@id":"https:\/\/qinera.com\/es\/politica-de-privacidad\/#primaryimage"},"image":{"@id":"https:\/\/qinera.com\/es\/politica-de-privacidad\/#primaryimage"},"thumbnailUrl":"https:\/\/qinera.com\/app\/uploads\/2023\/09\/logo-media-color4-big.svg","datePublished":"2024-02-29T16:14:31+00:00","dateModified":"2026-03-23T08:53:29+00:00","breadcrumb":{"@id":"https:\/\/qinera.com\/es\/politica-de-privacidad\/#breadcrumb"},"inLanguage":"es","potentialAction":[{"@type":"ReadAction","target":["https:\/\/qinera.com\/es\/politica-de-privacidad\/"]}]},{"@type":"ImageObject","inLanguage":"es","@id":"https:\/\/qinera.com\/es\/politica-de-privacidad\/#primaryimage","url":"https:\/\/qinera.com\/app\/uploads\/2023\/09\/logo-media-color4-big.svg","contentUrl":"https:\/\/qinera.com\/app\/uploads\/2023\/09\/logo-media-color4-big.svg"},{"@type":"BreadcrumbList","@id":"https:\/\/qinera.com\/es\/politica-de-privacidad\/#breadcrumb","itemListElement":[{"@type":"ListItem","position":1,"name":"Portada","item":"https:\/\/qinera.com\/es\/"},{"@type":"ListItem","position":2,"name":"Pol\u00edtica de privacidad"}]},{"@type":"WebSite","@id":"https:\/\/qinera.com\/es\/#website","url":"https:\/\/qinera.com\/es\/","name":"Qinera","description":"","potentialAction":[{"@type":"SearchAction","target":{"@type":"EntryPoint","urlTemplate":"https:\/\/qinera.com\/es\/?s={search_term_string}"},"query-input":{"@type":"PropertyValueSpecification","valueRequired":true,"valueName":"search_term_string"}}],"inLanguage":"es"}]}},"_links":{"self":[{"href":"https:\/\/qinera.com\/es\/wp-json\/wp\/v2\/pages\/2174","targetHints":{"allow":["GET"]}}],"collection":[{"href":"https:\/\/qinera.com\/es\/wp-json\/wp\/v2\/pages"}],"about":[{"href":"https:\/\/qinera.com\/es\/wp-json\/wp\/v2\/types\/page"}],"author":[{"embeddable":true,"href":"https:\/\/qinera.com\/es\/wp-json\/wp\/v2\/users\/1"}],"replies":[{"embeddable":true,"href":"https:\/\/qinera.com\/es\/wp-json\/wp\/v2\/comments?post=2174"}],"version-history":[{"count":6,"href":"https:\/\/qinera.com\/es\/wp-json\/wp\/v2\/pages\/2174\/revisions"}],"predecessor-version":[{"id":6667,"href":"https:\/\/qinera.com\/es\/wp-json\/wp\/v2\/pages\/2174\/revisions\/6667"}],"wp:attachment":[{"href":"https:\/\/qinera.com\/es\/wp-json\/wp\/v2\/media?parent=2174"}],"curies":[{"name":"wp","href":"https:\/\/api.w.org\/{rel}","templated":true}]}}