{"id":2190,"date":"2024-02-29T17:30:01","date_gmt":"2024-02-29T16:30:01","guid":{"rendered":"https:\/\/qinera.com\/?page_id=2190"},"modified":"2024-03-01T08:37:17","modified_gmt":"2024-03-01T07:37:17","slug":"politica-de-cookies","status":"publish","type":"page","link":"https:\/\/qinera.com\/es\/politica-de-cookies\/","title":{"rendered":"Pol\u00edtica de cookies"},"content":{"rendered":"\t\t<div data-elementor-type=\"wp-page\" data-elementor-id=\"2190\" class=\"elementor elementor-2190\" data-elementor-post-type=\"page\">\n\t\t\t\t<div class=\"elementor-element elementor-element-11479ef e-flex e-con-boxed e-con e-parent\" data-id=\"11479ef\" data-element_type=\"container\">\n\t\t\t\t\t<div class=\"e-con-inner\">\n\t\t<div class=\"elementor-element elementor-element-496375d e-con-full e-flex e-con e-child\" data-id=\"496375d\" data-element_type=\"container\">\n\t\t\t\t<div class=\"elementor-element elementor-element-de357de elementor-widget elementor-widget-heading\" data-id=\"de357de\" data-element_type=\"widget\" data-widget_type=\"heading.default\">\n\t\t\t\t<div class=\"elementor-widget-container\">\n\t\t\t\t\t<h4 class=\"elementor-heading-title elementor-size-default\">\u00bfQu\u00e9 son las cookies?<\/h4>\t\t\t\t<\/div>\n\t\t\t\t<\/div>\n\t\t\t\t<div class=\"elementor-element elementor-element-e45ca85 elementor-widget elementor-widget-text-editor\" data-id=\"e45ca85\" data-element_type=\"widget\" data-widget_type=\"text-editor.default\">\n\t\t\t\t<div class=\"elementor-widget-container\">\n\t\t\t\t\t\t\t\t\t<p>Este sitio web utiliza cookies y\/o tecnolog\u00edas similares que almacenan y recuperan informaci\u00f3n cuando navegas. En general, estas tecnolog\u00edas pueden servir para finalidades muy diversas, como, por ejemplo, reconocerte como usuario, obtener informaci\u00f3n sobre tus h\u00e1bitos de navegaci\u00f3n, o personalizar la forma en que se muestra el contenido. Los usos concretos que hacemos de estas tecnolog\u00edas se describen a continuaci\u00f3n.<\/p>\t\t\t\t\t\t\t\t<\/div>\n\t\t\t\t<\/div>\n\t\t\t\t<\/div>\n\t\t<div class=\"elementor-element elementor-element-dd14d06 e-con-full e-flex e-con e-child\" data-id=\"dd14d06\" data-element_type=\"container\">\n\t\t\t\t<\/div>\n\t\t\t\t\t<\/div>\n\t\t\t\t<\/div>\n\t\t<div class=\"elementor-element elementor-element-165b4af e-flex e-con-boxed e-con e-parent\" data-id=\"165b4af\" data-element_type=\"container\">\n\t\t\t\t\t<div class=\"e-con-inner\">\n\t\t<div class=\"elementor-element elementor-element-d3e7d49 e-con-full e-flex e-con e-child\" data-id=\"d3e7d49\" data-element_type=\"container\">\n\t\t\t\t<div class=\"elementor-element elementor-element-ea16c10 elementor-widget elementor-widget-heading\" data-id=\"ea16c10\" data-element_type=\"widget\" data-widget_type=\"heading.default\">\n\t\t\t\t<div class=\"elementor-widget-container\">\n\t\t\t\t\t<h4 class=\"elementor-heading-title elementor-size-default\">\u00bfPara qu\u00e9 utiliza las cookies esta p\u00e1gina web?<\/h4>\t\t\t\t<\/div>\n\t\t\t\t<\/div>\n\t\t\t\t<div class=\"elementor-element elementor-element-8141228 elementor-widget elementor-widget-text-editor\" data-id=\"8141228\" data-element_type=\"widget\" data-widget_type=\"text-editor.default\">\n\t\t\t\t<div class=\"elementor-widget-container\">\n\t\t\t\t\t\t\t\t\t<p>Esta p\u00e1gina web utiliza las cookies para una serie de finalidades, incluidas:<\/p><p><strong>An\u00e1lisis<\/strong>: son aquellas que, tratadas por nosotros o por terceros, nos permiten cuantificar el n\u00famero de usuarios y as\u00ed realizar la medici\u00f3n y an\u00e1lisis estad\u00edstico de la utilizaci\u00f3n que hacen los usuarios del servicio ofertado. Para ello se analiza su navegaci\u00f3n en nuestra p\u00e1gina web con el fin de mejorar la oferta de productos o servicios que le ofrecemos.<\/p><p><strong>Publicitarias<\/strong>: son aquellas que, tratadas por nosotros o por terceros, nos permiten analizar sus h\u00e1bitos de navegaci\u00f3n en Internet para que podamos mostrarle publicidad relacionada con su perfil de navegaci\u00f3n.<\/p>\t\t\t\t\t\t\t\t<\/div>\n\t\t\t\t<\/div>\n\t\t\t\t<\/div>\n\t\t<div class=\"elementor-element elementor-element-5659c40 e-con-full e-flex e-con e-child\" data-id=\"5659c40\" data-element_type=\"container\">\n\t\t\t\t<\/div>\n\t\t\t\t\t<\/div>\n\t\t\t\t<\/div>\n\t\t<div class=\"elementor-element elementor-element-a2d9644 e-flex e-con-boxed e-con e-parent\" data-id=\"a2d9644\" data-element_type=\"container\">\n\t\t\t\t\t<div class=\"e-con-inner\">\n\t\t<div class=\"elementor-element elementor-element-4882b51 e-con-full e-flex e-con e-child\" data-id=\"4882b51\" data-element_type=\"container\">\n\t\t\t\t<div class=\"elementor-element elementor-element-dc1911d elementor-widget elementor-widget-heading\" data-id=\"dc1911d\" data-element_type=\"widget\" data-widget_type=\"heading.default\">\n\t\t\t\t<div class=\"elementor-widget-container\">\n\t\t\t\t\t<h4 class=\"elementor-heading-title elementor-size-default\">\u00bfQui\u00e9n utiliza las cookies en esta p\u00e1gina web?<\/h4>\t\t\t\t<\/div>\n\t\t\t\t<\/div>\n\t\t\t\t<div class=\"elementor-element elementor-element-e8eae1f elementor-widget elementor-widget-text-editor\" data-id=\"e8eae1f\" data-element_type=\"widget\" data-widget_type=\"text-editor.default\">\n\t\t\t\t<div class=\"elementor-widget-container\">\n\t\t\t\t\t\t\t\t\t<p>La identificaci\u00f3n de qui\u00e9n utiliza las cookies, el tipo de cookies utilizadas y dem\u00e1s detalles, se indica a continuaci\u00f3n:<\/p><p><strong>Cookies propias<\/strong><\/p><table width=\"100%\"><tbody><tr><th>Entidad que utiliza las cookies<\/th><th>Cookies<\/th><th>Prop\u00f3sito<\/th><th>Periodo de conservaci\u00f3n<\/th><\/tr><tr><td>El propietario de esta web<\/td><td>PrestaShop-XXXXXXXXXX<\/td><td>Guardar informaci\u00f3n y mantener abierta la sesi\u00f3n del usuario. Permite guardar informaci\u00f3n como moneda, idioma, identificador del cliente, etc.<\/td><td>1 mes<\/td><\/tr><\/tbody><\/table><p><strong>Cookies de terceros<\/strong><\/p><table width=\"100%\"><tbody><tr><th>Entidad que utiliza las cookies<\/th><th>Cookies y Prop\u00f3sito<\/th><th>M\u00e1s informaci\u00f3n<\/th><\/tr><tr><td>Google<\/td><td>DV:\u00a0Identifica al usuario si est\u00e1 logueado con su cuenta de Google<\/td><td>\u00a0<\/td><\/tr><tr><td>Google<\/td><td>_ga:\u00a0Registra una identificaci\u00f3n \u00fanica que se utiliza para generar datos estad\u00edsticos acerca de c\u00f3mo utiliza el visitante el sitio web.<\/td><td>Caducidad: 2 a\u00f1os<\/td><\/tr><tr><td>Google<\/td><td>_gali:\u00a0Utilitzada por Google Analytics para registrar los elementos de la p\u00e1gina anterior con los que el usuario ha interactuado para llegar a la p\u00e1gina actual<\/td><td>\u00a0<\/td><\/tr><tr><td>Google<\/td><td>_gid:\u00a0Registra una identificaci\u00f3n \u00fanica que se utiliza para generar datos estad\u00edsticos acerca de c\u00f3mo utiliza el visitante el sitio web.<\/td><td>Caducidad: 1 d\u00eda<\/td><\/tr><tr><td>Google<\/td><td>_dc_gtm_UA-5396296-1:\u00a0This cookie is associated with sites using Google Tag Manager to load other scripts and code into a page. Where it is used it may be regarded as Strictly Necessary as without it, other scripts may not function correctly. The end of the name is a unique number which is also an identifier for an associated Google Analytics account.<\/td><td>Caducidad: 1 minuto<\/td><\/tr><tr><td>Google<\/td><td>_gcl_au:\u00a0Utilizada por Google AdSense para experimentar con la eficiencia publicitaria a trav\u00e9s de las webs usando sus servicios.<\/td><td>Caducidad: 3 meses<\/td><\/tr><tr><td><a href=\"https:\/\/widget-mediator.zopim.com\/\">widget-mediator.zopim.com<\/a><\/td><td>AWSALBCORS:\u00a0For continued stickiness support with CORS use cases after the Chromium update, we are creating additional stickiness cookies for each of these duration-based stickiness features named AWSALBCORS (ALB).<\/td><td>Caducidad: 7 d\u00edasias<\/td><\/tr><tr><td>ZOPIM<\/td><td>__zlcmid:\u00a0Estas cookies son utilizadas por la herramienta ZOPIM para permitir chatear en directo con la atenci\u00f3n al cliente.<\/td><td>Caducidad: Sesi\u00f3n<\/td><\/tr><\/tbody><\/table><div class=\"lgcookieslaw-section-purpose-content-cookies\"><div class=\"table-responsive\"><p>Nota: Las cookies de tipo \u201cPropias\u201d son utilizadas s\u00f3lo por el propietario de esta web y las cookies \u201cDe terceros\u201d son utilizadas, tambi\u00e9n, por el prestador del servicio que est\u00e1 detallado la tabla anterior.<br \/>Puede informarse de las transferencias a terceros pa\u00edses que, en su caso, realizan los terceros identificados en esta pol\u00edtica de cookies en sus correspondientes pol\u00edticas (ver los enlaces facilitados en el apartado \u201cM\u00e1s informaci\u00f3n\u201d de la tabla anterior).<\/p><\/div><\/div>\t\t\t\t\t\t\t\t<\/div>\n\t\t\t\t<\/div>\n\t\t\t\t<\/div>\n\t\t<div class=\"elementor-element elementor-element-c09a45e e-con-full e-flex e-con e-child\" data-id=\"c09a45e\" data-element_type=\"container\">\n\t\t\t\t<div class=\"elementor-element elementor-element-1a6c940 elementor-widget__width-auto elementor-absolute elementor-widget elementor-widget-image\" data-id=\"1a6c940\" data-element_type=\"widget\" data-settings=\"{&quot;_position&quot;:&quot;absolute&quot;}\" data-widget_type=\"image.default\">\n\t\t\t\t<div class=\"elementor-widget-container\">\n\t\t\t\t\t\t\t\t\t\t\t\t\t\t\t<img fetchpriority=\"high\" decoding=\"async\" width=\"1024\" height=\"512\" src=\"https:\/\/qinera.com\/app\/uploads\/2023\/09\/logo-media-color4-big.svg\" class=\"attachment-large size-large wp-image-801\" alt=\"\" \/>\t\t\t\t\t\t\t\t\t\t\t\t\t\t\t<\/div>\n\t\t\t\t<\/div>\n\t\t\t\t<\/div>\n\t\t\t\t\t<\/div>\n\t\t\t\t<\/div>\n\t\t<div class=\"elementor-element elementor-element-0c2e784 e-flex e-con-boxed e-con e-parent\" data-id=\"0c2e784\" data-element_type=\"container\">\n\t\t\t\t\t<div class=\"e-con-inner\">\n\t\t<div class=\"elementor-element elementor-element-db12273 e-con-full e-flex e-con e-child\" data-id=\"db12273\" data-element_type=\"container\">\n\t\t\t\t<div class=\"elementor-element elementor-element-450e0d2 elementor-widget elementor-widget-heading\" data-id=\"450e0d2\" data-element_type=\"widget\" data-widget_type=\"heading.default\">\n\t\t\t\t<div class=\"elementor-widget-container\">\n\t\t\t\t\t<h4 class=\"elementor-heading-title elementor-size-default\">\u00bfC\u00f3mo puedo desactivar o eliminar estas cookies?<\/h4>\t\t\t\t<\/div>\n\t\t\t\t<\/div>\n\t\t\t\t<div class=\"elementor-element elementor-element-1904150 elementor-widget elementor-widget-text-editor\" data-id=\"1904150\" data-element_type=\"widget\" data-widget_type=\"text-editor.default\">\n\t\t\t\t<div class=\"elementor-widget-container\">\n\t\t\t\t\t\t\t\t\t<p>Puede usted permitir o bloquear las cookies, as\u00ed como borrar sus datos de navegaci\u00f3n (incluidas las cookies) desde el navegador que usted utiliza. Consulte las opciones e instrucciones que ofrece su navegador para ello. Tenga en cuenta que si acepta las cookies de terceros, deber\u00e1 eliminarlas desde las opciones del navegador.<\/p><p>A continuaci\u00f3n tiene disponibles los enlaces con la informaci\u00f3n para gestionar las cookies de los navegadores m\u00e1s utilizados:<\/p><p>Firefox: http:\/\/support.mozilla.org\/es\/kb\/habilitar-y-deshabilitar-cookies-que-los-sitios-we<\/p><p>Chrome: <a href=\"http:\/\/support.google.com\/chrome\/bin\/answer.py?hl=es&amp;answer=95647\">http:\/\/support.google.com\/chrome\/bin\/answer.py?hl=es&amp;answer=95647<\/a><\/p><p>Internet Explorer: <a href=\"https:\/\/support.microsoft.com\/es-es\/help\/278835\/how-to-delete-cookie-files-in-internet-explorer\">https:\/\/support.microsoft.com\/es-es\/help\/278835\/how-to-delete-cookie-files-in-internet-explorer <\/a><\/p><p>Microsoft Edge:<a href=\"https:\/\/support.microsoft.com\/es-es\/help\/4468242\/microsoft-edge-browsing-data-and-privacy-microsoft-privacy\">https:\/\/support.microsoft.com\/es-es\/help\/4468242\/microsoft-edge-browsing-data-and-privacy-microsoft-privacy <\/a><\/p><p>Safari: <a href=\"http:\/\/support.apple.com\/kb\/ph5042\">http:\/\/support.apple.com\/kb\/ph5042<\/a><\/p><p>Opera: <a href=\"http:\/\/help.opera.com\/Windows\/11.50\/es-ES\/cookies.html\">http:\/\/help.opera.com\/Windows\/11.50\/es-ES\/cookies.html<\/a><\/p><p>Otros navegadores: consulte la documentaci\u00f3n del navegador que tenga instalado.<\/p>\t\t\t\t\t\t\t\t<\/div>\n\t\t\t\t<\/div>\n\t\t\t\t<\/div>\n\t\t<div class=\"elementor-element elementor-element-c0a0f73 e-con-full e-flex e-con e-child\" data-id=\"c0a0f73\" data-element_type=\"container\">\n\t\t\t\t<\/div>\n\t\t\t\t\t<\/div>\n\t\t\t\t<\/div>\n\t\t<div class=\"elementor-element elementor-element-2b7383c e-flex e-con-boxed e-con e-parent\" data-id=\"2b7383c\" data-element_type=\"container\">\n\t\t\t\t\t<div class=\"e-con-inner\">\n\t\t<div class=\"elementor-element elementor-element-7f80fc4 e-con-full e-flex e-con e-child\" data-id=\"7f80fc4\" data-element_type=\"container\">\n\t\t\t\t<div class=\"elementor-element elementor-element-b2a60bc elementor-widget elementor-widget-heading\" data-id=\"b2a60bc\" data-element_type=\"widget\" data-widget_type=\"heading.default\">\n\t\t\t\t<div class=\"elementor-widget-container\">\n\t\t\t\t\t<h4 class=\"elementor-heading-title elementor-size-default\">Complemento de inhabilitaci\u00f3n para navegadores de Google Analytics<\/h4>\t\t\t\t<\/div>\n\t\t\t\t<\/div>\n\t\t\t\t<div class=\"elementor-element elementor-element-4767bd1 elementor-widget elementor-widget-text-editor\" data-id=\"4767bd1\" data-element_type=\"widget\" data-widget_type=\"text-editor.default\">\n\t\t\t\t<div class=\"elementor-widget-container\">\n\t\t\t\t\t\t\t\t\t<p>Si desea rechazar las cookies anal\u00edticas de Google Analytics en todos los navegadores, de forma que no se env\u00ede informaci\u00f3n suya a Google Analytics, puede descargar un complemento que realiza esta funci\u00f3n desde este enlace: <a href=\"https:\/\/tools.google.com\/dlpage\/gaoptout\">https:\/\/tools.google.com\/dlpage\/gaoptout.<\/a><\/p>\t\t\t\t\t\t\t\t<\/div>\n\t\t\t\t<\/div>\n\t\t\t\t<\/div>\n\t\t<div class=\"elementor-element elementor-element-1227c3c e-con-full e-flex e-con e-child\" data-id=\"1227c3c\" data-element_type=\"container\">\n\t\t\t\t<\/div>\n\t\t\t\t\t<\/div>\n\t\t\t\t<\/div>\n\t\t\t\t<\/div>\n\t\t","protected":false},"excerpt":{"rendered":"<p>\u00bfQu\u00e9 son las cookies? Este sitio web utiliza cookies y\/o tecnolog\u00edas similares que almacenan y recuperan informaci\u00f3n cuando navegas. En general, estas tecnolog\u00edas pueden servir para finalidades muy diversas, como,&#8230;<\/p>\n","protected":false},"author":1,"featured_media":0,"parent":0,"menu_order":0,"comment_status":"closed","ping_status":"closed","template":"","meta":{"_acf_changed":false,"inline_featured_image":false,"footnotes":""},"class_list":["post-2190","page","type-page","status-publish","hentry"],"acf":[],"yoast_head":"<!-- This site is optimized with the Yoast SEO plugin v26.1.1 - https:\/\/yoast.com\/wordpress\/plugins\/seo\/ -->\n<title>Pol\u00edtica de cookies - Qinera<\/title>\n<meta name=\"robots\" content=\"index, follow, max-snippet:-1, max-image-preview:large, max-video-preview:-1\" \/>\n<link rel=\"canonical\" href=\"https:\/\/qinera.com\/es\/politica-de-cookies\/\" \/>\n<meta property=\"og:locale\" content=\"es_ES\" \/>\n<meta property=\"og:type\" content=\"article\" \/>\n<meta property=\"og:title\" content=\"Pol\u00edtica de cookies - Qinera\" \/>\n<meta property=\"og:description\" content=\"\u00bfQu\u00e9 son las cookies? Este sitio web utiliza cookies y\/o tecnolog\u00edas similares que almacenan y recuperan informaci\u00f3n cuando navegas. En general, estas tecnolog\u00edas pueden servir para finalidades muy diversas, como,...\" \/>\n<meta property=\"og:url\" content=\"https:\/\/qinera.com\/es\/politica-de-cookies\/\" \/>\n<meta property=\"og:site_name\" content=\"Qinera\" \/>\n<meta property=\"article:modified_time\" content=\"2024-03-01T07:37:17+00:00\" \/>\n<meta property=\"og:image\" content=\"https:\/\/qinera.com\/app\/uploads\/2023\/09\/logo-media-color4-big.svg\" \/>\n<meta name=\"twitter:card\" content=\"summary_large_image\" \/>\n<meta name=\"twitter:label1\" content=\"Tiempo de lectura\" \/>\n\t<meta name=\"twitter:data1\" content=\"4 minutos\" \/>\n<script type=\"application\/ld+json\" class=\"yoast-schema-graph\">{\"@context\":\"https:\/\/schema.org\",\"@graph\":[{\"@type\":\"WebPage\",\"@id\":\"https:\/\/qinera.com\/es\/politica-de-cookies\/\",\"url\":\"https:\/\/qinera.com\/es\/politica-de-cookies\/\",\"name\":\"Pol\u00edtica de cookies - Qinera\",\"isPartOf\":{\"@id\":\"https:\/\/qinera.com\/es\/#website\"},\"primaryImageOfPage\":{\"@id\":\"https:\/\/qinera.com\/es\/politica-de-cookies\/#primaryimage\"},\"image\":{\"@id\":\"https:\/\/qinera.com\/es\/politica-de-cookies\/#primaryimage\"},\"thumbnailUrl\":\"https:\/\/qinera.com\/app\/uploads\/2023\/09\/logo-media-color4-big.svg\",\"datePublished\":\"2024-02-29T16:30:01+00:00\",\"dateModified\":\"2024-03-01T07:37:17+00:00\",\"breadcrumb\":{\"@id\":\"https:\/\/qinera.com\/es\/politica-de-cookies\/#breadcrumb\"},\"inLanguage\":\"es\",\"potentialAction\":[{\"@type\":\"ReadAction\",\"target\":[\"https:\/\/qinera.com\/es\/politica-de-cookies\/\"]}]},{\"@type\":\"ImageObject\",\"inLanguage\":\"es\",\"@id\":\"https:\/\/qinera.com\/es\/politica-de-cookies\/#primaryimage\",\"url\":\"https:\/\/qinera.com\/app\/uploads\/2023\/09\/logo-media-color4-big.svg\",\"contentUrl\":\"https:\/\/qinera.com\/app\/uploads\/2023\/09\/logo-media-color4-big.svg\"},{\"@type\":\"BreadcrumbList\",\"@id\":\"https:\/\/qinera.com\/es\/politica-de-cookies\/#breadcrumb\",\"itemListElement\":[{\"@type\":\"ListItem\",\"position\":1,\"name\":\"Portada\",\"item\":\"https:\/\/qinera.com\/es\/\"},{\"@type\":\"ListItem\",\"position\":2,\"name\":\"Pol\u00edtica de cookies\"}]},{\"@type\":\"WebSite\",\"@id\":\"https:\/\/qinera.com\/es\/#website\",\"url\":\"https:\/\/qinera.com\/es\/\",\"name\":\"Qinera\",\"description\":\"\",\"potentialAction\":[{\"@type\":\"SearchAction\",\"target\":{\"@type\":\"EntryPoint\",\"urlTemplate\":\"https:\/\/qinera.com\/es\/?s={search_term_string}\"},\"query-input\":{\"@type\":\"PropertyValueSpecification\",\"valueRequired\":true,\"valueName\":\"search_term_string\"}}],\"inLanguage\":\"es\"}]}<\/script>\n<!-- \/ Yoast SEO plugin. -->","yoast_head_json":{"title":"Pol\u00edtica de cookies - Qinera","robots":{"index":"index","follow":"follow","max-snippet":"max-snippet:-1","max-image-preview":"max-image-preview:large","max-video-preview":"max-video-preview:-1"},"canonical":"https:\/\/qinera.com\/es\/politica-de-cookies\/","og_locale":"es_ES","og_type":"article","og_title":"Pol\u00edtica de cookies - Qinera","og_description":"\u00bfQu\u00e9 son las cookies? Este sitio web utiliza cookies y\/o tecnolog\u00edas similares que almacenan y recuperan informaci\u00f3n cuando navegas. En general, estas tecnolog\u00edas pueden servir para finalidades muy diversas, como,...","og_url":"https:\/\/qinera.com\/es\/politica-de-cookies\/","og_site_name":"Qinera","article_modified_time":"2024-03-01T07:37:17+00:00","og_image":[{"url":"https:\/\/qinera.com\/app\/uploads\/2023\/09\/logo-media-color4-big.svg","type":"","width":"","height":""}],"twitter_card":"summary_large_image","twitter_misc":{"Tiempo de lectura":"4 minutos"},"schema":{"@context":"https:\/\/schema.org","@graph":[{"@type":"WebPage","@id":"https:\/\/qinera.com\/es\/politica-de-cookies\/","url":"https:\/\/qinera.com\/es\/politica-de-cookies\/","name":"Pol\u00edtica de cookies - Qinera","isPartOf":{"@id":"https:\/\/qinera.com\/es\/#website"},"primaryImageOfPage":{"@id":"https:\/\/qinera.com\/es\/politica-de-cookies\/#primaryimage"},"image":{"@id":"https:\/\/qinera.com\/es\/politica-de-cookies\/#primaryimage"},"thumbnailUrl":"https:\/\/qinera.com\/app\/uploads\/2023\/09\/logo-media-color4-big.svg","datePublished":"2024-02-29T16:30:01+00:00","dateModified":"2024-03-01T07:37:17+00:00","breadcrumb":{"@id":"https:\/\/qinera.com\/es\/politica-de-cookies\/#breadcrumb"},"inLanguage":"es","potentialAction":[{"@type":"ReadAction","target":["https:\/\/qinera.com\/es\/politica-de-cookies\/"]}]},{"@type":"ImageObject","inLanguage":"es","@id":"https:\/\/qinera.com\/es\/politica-de-cookies\/#primaryimage","url":"https:\/\/qinera.com\/app\/uploads\/2023\/09\/logo-media-color4-big.svg","contentUrl":"https:\/\/qinera.com\/app\/uploads\/2023\/09\/logo-media-color4-big.svg"},{"@type":"BreadcrumbList","@id":"https:\/\/qinera.com\/es\/politica-de-cookies\/#breadcrumb","itemListElement":[{"@type":"ListItem","position":1,"name":"Portada","item":"https:\/\/qinera.com\/es\/"},{"@type":"ListItem","position":2,"name":"Pol\u00edtica de cookies"}]},{"@type":"WebSite","@id":"https:\/\/qinera.com\/es\/#website","url":"https:\/\/qinera.com\/es\/","name":"Qinera","description":"","potentialAction":[{"@type":"SearchAction","target":{"@type":"EntryPoint","urlTemplate":"https:\/\/qinera.com\/es\/?s={search_term_string}"},"query-input":{"@type":"PropertyValueSpecification","valueRequired":true,"valueName":"search_term_string"}}],"inLanguage":"es"}]}},"_links":{"self":[{"href":"https:\/\/qinera.com\/es\/wp-json\/wp\/v2\/pages\/2190","targetHints":{"allow":["GET"]}}],"collection":[{"href":"https:\/\/qinera.com\/es\/wp-json\/wp\/v2\/pages"}],"about":[{"href":"https:\/\/qinera.com\/es\/wp-json\/wp\/v2\/types\/page"}],"author":[{"embeddable":true,"href":"https:\/\/qinera.com\/es\/wp-json\/wp\/v2\/users\/1"}],"replies":[{"embeddable":true,"href":"https:\/\/qinera.com\/es\/wp-json\/wp\/v2\/comments?post=2190"}],"version-history":[{"count":0,"href":"https:\/\/qinera.com\/es\/wp-json\/wp\/v2\/pages\/2190\/revisions"}],"wp:attachment":[{"href":"https:\/\/qinera.com\/es\/wp-json\/wp\/v2\/media?parent=2190"}],"curies":[{"name":"wp","href":"https:\/\/api.w.org\/{rel}","templated":true}]}}