{"id":2718,"date":"2024-04-03T10:27:47","date_gmt":"2024-04-03T08:27:47","guid":{"rendered":"https:\/\/qinera.com\/?page_id=2718"},"modified":"2025-07-08T14:47:23","modified_gmt":"2025-07-08T12:47:23","slug":"metodos-de-pago","status":"publish","type":"page","link":"https:\/\/qinera.com\/es\/metodos-de-pago\/","title":{"rendered":"M\u00e9todos de pago"},"content":{"rendered":"\t\t<div data-elementor-type=\"wp-page\" data-elementor-id=\"2718\" class=\"elementor elementor-2718\" data-elementor-post-type=\"page\">\n\t\t\t\t<div class=\"elementor-element elementor-element-502f2a3 e-flex e-con-boxed e-con e-parent\" data-id=\"502f2a3\" data-element_type=\"container\">\n\t\t\t\t\t<div class=\"e-con-inner\">\n\t\t<div class=\"elementor-element elementor-element-b661c9e e-flex e-con-boxed e-con e-child\" data-id=\"b661c9e\" data-element_type=\"container\">\n\t\t\t\t\t<div class=\"e-con-inner\">\n\t\t\t\t<div class=\"elementor-element elementor-element-75409ed elementor-widget elementor-widget-text-editor\" data-id=\"75409ed\" data-element_type=\"widget\" data-widget_type=\"text-editor.default\">\n\t\t\t\t<div class=\"elementor-widget-container\">\n\t\t\t\t\t\t\t\t\t<p>Para las compras de productos Qinera desde nuestra tienda online dispones de varias formas de pago:<\/p><h3 class=\"page-subheading\">PAYPAL<\/h3><p class=\"bottom-indent\">PayPal, empresa del grupo eBay, es el l\u00edder internacional en soluciones para pagos en Internet e intercambio de dinero (compradores y vendedores).<\/p><p class=\"bottom-indent\">Est\u00e1 aceptada por los principales comercios online de 55 pa\u00edses y opera con 6 divisas diferentes (euros, d\u00f3lares estadounidenses, libras esterlinas, yenes japoneses, d\u00f3lares australianos y d\u00f3lares canadienses).<\/p><p class=\"bottom-indent\">Con PayPal puedes pagar directamente de dos formas:<\/p><ul><li><strong>Con tu cuenta usuario de PayPal<\/strong>, sin comunicar datos financieros.<\/li><li><strong>Sin necesidad de ser usuario registrado de PayPal<\/strong>, utilizando tu tarjeta de cr\u00e9dito VISA, Mastercard o American Express y siguiendo el formulario de pago que te ofrece la plataforma.<\/li><\/ul><p class=\"bottom-indent\">Si utilizas PayPal como forma de pago, este pago ser\u00e1 inmediato y podremos agilizar el proceso de tu env\u00edo.<\/p><p class=\"bottom-indent\">Ten en cuenta que el env\u00edo de la mercanc\u00eda se har\u00e1 a la direcci\u00f3n que se ha indicado al confirmar el pedido, independientemente de la direcci\u00f3n indicada en la cuenta PayPal.<\/p><h3 class=\"page-subheading\">TRANSFERENCIA BANCARIA<\/h3><p class=\"bottom-indent\">En caso que se desees efectuar la compra mediante transferencia bancaria, \u00e9sta deber\u00e1 hacerse por el importe total del pedido (coste de env\u00edo incluido), a la siguiente cuenta:<\/p><p class=\"bottom-indent\">Beneficiario: Qinera BJ, SCCL<br \/>N\u00famero de Cuenta (IBAN): ES35 0081 0391 6800 0121 8325 \u2013 Banco Sabadell<\/p><p class=\"bottom-indent\">Es muy importante que en el campo \u201cRemitente\u201d, \u201cOrdenante\u201d o \u201cConcepto\u201d se indique N\u00ba de pedido &#8211; Nombre y Apellidos (Por ejemplo: 0123456 \u2013 Juan Moreno).<\/p><p class=\"bottom-indent\">El plazo m\u00e1ximo para ordenar la transferencia despu\u00e9s de la realizaci\u00f3n del pedido por la web es de\u00a0<strong>7 d\u00edas laborables<\/strong>.<\/p><p class=\"bottom-indent\">No se considerar\u00e1 efectivo el pedido hasta que confirmemos el correspondiente ingreso y por tanto, los plazos de entrega comienzan a contar a partir de esta fecha.<\/p><p class=\"bottom-indent\">Los pagos mediante transferencia bancaria pueden tener un decalaje de 1 a 3 d\u00edas en funci\u00f3n de las entidades bancarias.<\/p><p class=\"bottom-indent\">Si has realizado tu transferencia y tienes dudas sobre si la hemos recibido correctamente puedes ponerte en contacto en <a href=\"mailto:compras@qinera.com\"><span style=\"font-weight: 400;\">comprasweb@qinera.com<\/span><\/a><span style=\"font-weight: 400;\">\u00a0<\/span><\/p><h3 class=\"page-subheading\">TARJETA DE CR\u00c9DITO O D\u00c9BITO\u00a0<\/h3><p class=\"bottom-indent\">Puedes pagar mediante\u00a0<strong>tarjeta de d\u00e9bito o cr\u00e9dito<\/strong>, a trav\u00e9s de la pasarela de pago TPV Virtual de Banco Sabadell que est\u00e1 homologada seg\u00fan los protocolos de Comercio Electr\u00f3nico Seguro (CES) y con las limitaciones de seguridad velocity checks, que validan el intento repetitivo de compras con la misma tarjeta o direcci\u00f3n IP.<\/p><p class=\"bottom-indent\">Con la pasarela de pago seguro de Banco Sabadell podr\u00e1s pagar con todas las tarjetas de cr\u00e9dito y d\u00e9bito de\u00a0<strong>VISA y MasterCard<\/strong>\u00a0de cualquier entidad bancaria.<\/p><p class=\"bottom-indent\">De todos los datos que solicitamos durante el momento de la compra \u00fanicamente registramos los que son necesarios para hacerte llegar el pedido (nombre, direcci\u00f3n de entrega, comentarios adicionales, etc.).<\/p><p class=\"bottom-indent\"><strong>En ning\u00fan momento Qinera tiene acceso a los datos financieros<\/strong>\u00a0(n\u00famero de tarjeta de cr\u00e9dito, fecha de caducidad, nombre del titular o CVV). Estos datos son tratados \u00fanicamente por los servidores de Banco Sabadell, usando un protocolo seguro encriptado.<\/p><p class=\"bottom-indent\"><strong>Funcionamiento de la pasarela de pago<\/strong><\/p><p class=\"bottom-indent\">Cuando selecciones la forma de pago \u201cTarjeta de cr\u00e9dito o d\u00e9bito\u201d acceder\u00e1s directamente a la p\u00e1gina de transacciones y pagos de Banco Sabadell,\u00a0<strong>con el fin de garantizar la total seguridad del pago<\/strong>.<\/p><p class=\"bottom-indent\">Los pasos seguir\u00e1s para realizar el pago son los siguientes:<\/p><ul><li>Ser\u00e1s redirigido a una\u00a0<strong>p\u00e1gina de pago seguro de Banco Sabadell<\/strong>.<\/li><li>All\u00ed deber\u00e1s\u00a0<strong>introducir el nombre del titular de la tarjeta, n\u00famero y fecha de caducidad<\/strong>\u00a0de la misma.<\/li><li>Recuerdas que tanto si realizas el pago con Visa como con MasterCard, deber\u00e1s introduce el\u00a0<strong>c\u00f3digo de verificaci\u00f3n<\/strong>, tambi\u00e9n llamado\u00a0<strong>CVV<\/strong>\u00a0(acr\u00f3nimo de\u00a0<em>Card Verification Value<\/em>). Este c\u00f3digo lo incorporan todas las tarjetas de cr\u00e9dito y d\u00e9bito. En la mayor\u00eda de los casos, est\u00e1 formado por\u00a0<strong>tres d\u00edgitos impresos en la banda de la firma<\/strong>, en la parte trasera de la tarjeta, detr\u00e1s de los cuatro \u00faltimos n\u00fameros de la tarjeta (que tambi\u00e9n figuran en el reverso).<\/li><li>Una vez aceptes el pago, volver\u00e1s autom\u00e1ticamente a la web de BJ Adaptaciones para ver el resumen de tu pedido.<\/li><\/ul><h3 class=\"page-subheading\">OTRAS FORMAS DE PAGO<\/h3><p class=\"bottom-indent\">Si necesitas realizar tus compras mediante otras formas de pago, ponte en contacto con nosotros en\u00a0<a href=\"mailto:comprasweb@bjadaptaciones.com\">comprasweb@qinera.com<\/a>\u00a0antes de realizar tu pedido y buscaremos la f\u00f3rmula que m\u00e1s se ajuste a tus necesidades.<\/p>\t\t\t\t\t\t\t\t<\/div>\n\t\t\t\t<\/div>\n\t\t\t\t\t<\/div>\n\t\t\t\t<\/div>\n\t\t<div class=\"elementor-element elementor-element-8dc4c33 e-flex e-con-boxed e-con e-child\" data-id=\"8dc4c33\" data-element_type=\"container\">\n\t\t\t\t\t<div class=\"e-con-inner\">\n\t\t\t\t\t<\/div>\n\t\t\t\t<\/div>\n\t\t\t\t\t<\/div>\n\t\t\t\t<\/div>\n\t\t<div class=\"elementor-element elementor-element-cfe9095 e-flex e-con-boxed e-con e-parent\" data-id=\"cfe9095\" data-element_type=\"container\">\n\t\t\t\t\t<div class=\"e-con-inner\">\n\t\t\t\t\t<\/div>\n\t\t\t\t<\/div>\n\t\t\t\t<\/div>\n\t\t","protected":false},"excerpt":{"rendered":"<p>Para las compras de productos Qinera desde nuestra tienda online dispones de varias formas de pago: PAYPAL PayPal, empresa del grupo eBay, es el l\u00edder internacional en soluciones para pagos&#8230;<\/p>\n","protected":false},"author":1,"featured_media":0,"parent":0,"menu_order":0,"comment_status":"closed","ping_status":"closed","template":"","meta":{"_acf_changed":false,"inline_featured_image":false,"footnotes":""},"class_list":["post-2718","page","type-page","status-publish","hentry"],"acf":[],"yoast_head":"<!-- This site is optimized with the Yoast SEO plugin v26.1.1 - https:\/\/yoast.com\/wordpress\/plugins\/seo\/ -->\n<title>M\u00e9todos de pago - Qinera<\/title>\n<meta name=\"robots\" content=\"index, follow, max-snippet:-1, max-image-preview:large, max-video-preview:-1\" \/>\n<link rel=\"canonical\" href=\"https:\/\/qinera.com\/es\/metodos-de-pago\/\" \/>\n<meta property=\"og:locale\" content=\"es_ES\" \/>\n<meta property=\"og:type\" content=\"article\" \/>\n<meta property=\"og:title\" content=\"M\u00e9todos de pago - Qinera\" \/>\n<meta property=\"og:description\" content=\"Para las compras de productos Qinera desde nuestra tienda online dispones de varias formas de pago: PAYPAL PayPal, empresa del grupo eBay, es el l\u00edder internacional en soluciones para pagos...\" \/>\n<meta property=\"og:url\" content=\"https:\/\/qinera.com\/es\/metodos-de-pago\/\" \/>\n<meta property=\"og:site_name\" content=\"Qinera\" \/>\n<meta property=\"article:modified_time\" content=\"2025-07-08T12:47:23+00:00\" \/>\n<meta name=\"twitter:card\" content=\"summary_large_image\" \/>\n<meta name=\"twitter:label1\" content=\"Tiempo de lectura\" \/>\n\t<meta name=\"twitter:data1\" content=\"4 minutos\" \/>\n<script type=\"application\/ld+json\" class=\"yoast-schema-graph\">{\"@context\":\"https:\/\/schema.org\",\"@graph\":[{\"@type\":\"WebPage\",\"@id\":\"https:\/\/qinera.com\/es\/metodos-de-pago\/\",\"url\":\"https:\/\/qinera.com\/es\/metodos-de-pago\/\",\"name\":\"M\u00e9todos de pago - Qinera\",\"isPartOf\":{\"@id\":\"https:\/\/qinera.com\/es\/#website\"},\"datePublished\":\"2024-04-03T08:27:47+00:00\",\"dateModified\":\"2025-07-08T12:47:23+00:00\",\"breadcrumb\":{\"@id\":\"https:\/\/qinera.com\/es\/metodos-de-pago\/#breadcrumb\"},\"inLanguage\":\"es\",\"potentialAction\":[{\"@type\":\"ReadAction\",\"target\":[\"https:\/\/qinera.com\/es\/metodos-de-pago\/\"]}]},{\"@type\":\"BreadcrumbList\",\"@id\":\"https:\/\/qinera.com\/es\/metodos-de-pago\/#breadcrumb\",\"itemListElement\":[{\"@type\":\"ListItem\",\"position\":1,\"name\":\"Portada\",\"item\":\"https:\/\/qinera.com\/es\/\"},{\"@type\":\"ListItem\",\"position\":2,\"name\":\"M\u00e9todos de pago\"}]},{\"@type\":\"WebSite\",\"@id\":\"https:\/\/qinera.com\/es\/#website\",\"url\":\"https:\/\/qinera.com\/es\/\",\"name\":\"Qinera\",\"description\":\"\",\"potentialAction\":[{\"@type\":\"SearchAction\",\"target\":{\"@type\":\"EntryPoint\",\"urlTemplate\":\"https:\/\/qinera.com\/es\/?s={search_term_string}\"},\"query-input\":{\"@type\":\"PropertyValueSpecification\",\"valueRequired\":true,\"valueName\":\"search_term_string\"}}],\"inLanguage\":\"es\"}]}<\/script>\n<!-- \/ Yoast SEO plugin. -->","yoast_head_json":{"title":"M\u00e9todos de pago - Qinera","robots":{"index":"index","follow":"follow","max-snippet":"max-snippet:-1","max-image-preview":"max-image-preview:large","max-video-preview":"max-video-preview:-1"},"canonical":"https:\/\/qinera.com\/es\/metodos-de-pago\/","og_locale":"es_ES","og_type":"article","og_title":"M\u00e9todos de pago - Qinera","og_description":"Para las compras de productos Qinera desde nuestra tienda online dispones de varias formas de pago: PAYPAL PayPal, empresa del grupo eBay, es el l\u00edder internacional en soluciones para pagos...","og_url":"https:\/\/qinera.com\/es\/metodos-de-pago\/","og_site_name":"Qinera","article_modified_time":"2025-07-08T12:47:23+00:00","twitter_card":"summary_large_image","twitter_misc":{"Tiempo de lectura":"4 minutos"},"schema":{"@context":"https:\/\/schema.org","@graph":[{"@type":"WebPage","@id":"https:\/\/qinera.com\/es\/metodos-de-pago\/","url":"https:\/\/qinera.com\/es\/metodos-de-pago\/","name":"M\u00e9todos de pago - Qinera","isPartOf":{"@id":"https:\/\/qinera.com\/es\/#website"},"datePublished":"2024-04-03T08:27:47+00:00","dateModified":"2025-07-08T12:47:23+00:00","breadcrumb":{"@id":"https:\/\/qinera.com\/es\/metodos-de-pago\/#breadcrumb"},"inLanguage":"es","potentialAction":[{"@type":"ReadAction","target":["https:\/\/qinera.com\/es\/metodos-de-pago\/"]}]},{"@type":"BreadcrumbList","@id":"https:\/\/qinera.com\/es\/metodos-de-pago\/#breadcrumb","itemListElement":[{"@type":"ListItem","position":1,"name":"Portada","item":"https:\/\/qinera.com\/es\/"},{"@type":"ListItem","position":2,"name":"M\u00e9todos de pago"}]},{"@type":"WebSite","@id":"https:\/\/qinera.com\/es\/#website","url":"https:\/\/qinera.com\/es\/","name":"Qinera","description":"","potentialAction":[{"@type":"SearchAction","target":{"@type":"EntryPoint","urlTemplate":"https:\/\/qinera.com\/es\/?s={search_term_string}"},"query-input":{"@type":"PropertyValueSpecification","valueRequired":true,"valueName":"search_term_string"}}],"inLanguage":"es"}]}},"_links":{"self":[{"href":"https:\/\/qinera.com\/es\/wp-json\/wp\/v2\/pages\/2718","targetHints":{"allow":["GET"]}}],"collection":[{"href":"https:\/\/qinera.com\/es\/wp-json\/wp\/v2\/pages"}],"about":[{"href":"https:\/\/qinera.com\/es\/wp-json\/wp\/v2\/types\/page"}],"author":[{"embeddable":true,"href":"https:\/\/qinera.com\/es\/wp-json\/wp\/v2\/users\/1"}],"replies":[{"embeddable":true,"href":"https:\/\/qinera.com\/es\/wp-json\/wp\/v2\/comments?post=2718"}],"version-history":[{"count":3,"href":"https:\/\/qinera.com\/es\/wp-json\/wp\/v2\/pages\/2718\/revisions"}],"predecessor-version":[{"id":6480,"href":"https:\/\/qinera.com\/es\/wp-json\/wp\/v2\/pages\/2718\/revisions\/6480"}],"wp:attachment":[{"href":"https:\/\/qinera.com\/es\/wp-json\/wp\/v2\/media?parent=2718"}],"curies":[{"name":"wp","href":"https:\/\/api.w.org\/{rel}","templated":true}]}}