{"id":2729,"date":"2024-04-03T10:27:47","date_gmt":"2024-04-03T08:27:47","guid":{"rendered":"https:\/\/qinera.com\/?page_id=2729"},"modified":"2025-07-08T14:51:34","modified_gmt":"2025-07-08T12:51:34","slug":"precios-de-los-productos","status":"publish","type":"page","link":"https:\/\/qinera.com\/es\/precios-de-los-productos\/","title":{"rendered":"Precios de los productos"},"content":{"rendered":"\t\t<div data-elementor-type=\"wp-page\" data-elementor-id=\"2729\" class=\"elementor elementor-2729\" data-elementor-post-type=\"page\">\n\t\t\t\t<div class=\"elementor-element elementor-element-502f2a3 e-flex e-con-boxed e-con e-parent\" data-id=\"502f2a3\" data-element_type=\"container\">\n\t\t\t\t\t<div class=\"e-con-inner\">\n\t\t<div class=\"elementor-element elementor-element-b661c9e e-flex e-con-boxed e-con e-child\" data-id=\"b661c9e\" data-element_type=\"container\">\n\t\t\t\t\t<div class=\"e-con-inner\">\n\t\t\t\t<div class=\"elementor-element elementor-element-75409ed elementor-widget elementor-widget-text-editor\" data-id=\"75409ed\" data-element_type=\"widget\" data-widget_type=\"text-editor.default\">\n\t\t\t\t<div class=\"elementor-widget-container\">\n\t\t\t\t\t\t\t\t\t<p class=\"bottom-indent\">Todos los precios indicados en los productos que se ofrecen en esta web\u00a0<strong>incluyen el IVA y cualesquiera otros impuestos aplicables.<\/strong><\/p><p class=\"bottom-indent\">En el caso del IVA, \u00e9ste puede ser del\u00a0<strong>4%, del 10% o del 21%<\/strong>\u00a0en funci\u00f3n de las caracter\u00edsticas de cada producto.<\/p><p class=\"bottom-indent\">En las facturas asociadas a cada pedido se detallar\u00e1 el IVA correspondiente a cada producto.<\/p><p class=\"bottom-indent\">No obstante, estos precios de los productos de nuestro cat\u00e1logo\u00a0<strong>no incluyen los gastos de env\u00edo<\/strong>, manipulaci\u00f3n, embalaje, seguro de env\u00edo o cualquier otro servicio adicional al producto o servicio adquirido, salvo que expresamente se indique lo contrario.<\/p><p class=\"bottom-indent\">Estos gastos adicionales que sean de aplicaci\u00f3n se detallar\u00e1n en el proceso de compra y deben ser aceptados por el usuario en el momento de la solicitud del pedido.<\/p><p class=\"bottom-indent\">Qinera se reserva el derecho a modificar sus precios en cualquier momento. Los productos se facturar\u00e1n al precio en vigor en el momento del registro del pedido.<\/p><p class=\"bottom-indent\">Tienes a tu disposici\u00f3n todo el\u00a0<strong><a href=\"https:\/\/drive.google.com\/file\/d\/1wfKq5-xU-g0CSTsJ6MKTcF7YF29AW33S\/view?usp=share_link\" target=\"_blank\" rel=\"noopener\">Listado de tarifas en PDF<\/a><\/strong><\/p><p class=\"bottom-indent\">Para nuestros\u00a0<strong>clientes en Chile<\/strong>\u00a0el listado de tarifas correspondiente es el siguiente:\u00a0<strong><a href=\"https:\/\/drive.google.com\/file\/d\/1gK20PlRjHJx4wTFofas45qLpnN4gxNJ0\/view?usp=sharing\" target=\"_blank\" rel=\"noopener\">Listado de tarifas Chile<\/a>\u00a0<\/strong><\/p><h3>\u00a0<\/h3><h3 class=\"page-subheading\">APROBACI\u00d3N DE PEDIDOS<\/h3><p class=\"bottom-indent\">Para la aprobaci\u00f3n del pedido, el cliente deber\u00e1:<\/p><ul><li>Aceptar el precio del pedido que engloba el montante del precio de los productos elegidos y el coste de los gastos de env\u00edo.<\/li><li>El hecho de hacer un pedido equivale a la aceptaci\u00f3n plena y entera de los precios, de la descripci\u00f3n de los productos a la venta y de las condiciones generales de venta, que ser\u00e1n las \u00fanicas aplicables al contrato as\u00ed concluido.<\/li><\/ul><p class=\"bottom-indent\">La recepci\u00f3n del pedido quedar\u00e1 confirmada por Qinera por medio del env\u00edo de un email al cliente.<\/p><p class=\"bottom-indent\">Qinera se reserva el derecho de anulaci\u00f3n de todo o parte de un pedido, en particular cuando no se obtenga respuesta por parte del cliente sobre aspectos del pedido, se observe un comportamiento fraudulento o su pago sea invalidado por cualquier raz\u00f3n.<\/p>\t\t\t\t\t\t\t\t<\/div>\n\t\t\t\t<\/div>\n\t\t\t\t\t<\/div>\n\t\t\t\t<\/div>\n\t\t<div class=\"elementor-element elementor-element-8dc4c33 e-flex e-con-boxed e-con e-child\" data-id=\"8dc4c33\" data-element_type=\"container\">\n\t\t\t\t\t<div class=\"e-con-inner\">\n\t\t\t\t\t<\/div>\n\t\t\t\t<\/div>\n\t\t\t\t\t<\/div>\n\t\t\t\t<\/div>\n\t\t<div class=\"elementor-element elementor-element-cfe9095 e-flex e-con-boxed e-con e-parent\" data-id=\"cfe9095\" data-element_type=\"container\">\n\t\t\t\t\t<div class=\"e-con-inner\">\n\t\t\t\t\t<\/div>\n\t\t\t\t<\/div>\n\t\t\t\t<\/div>\n\t\t","protected":false},"excerpt":{"rendered":"<p>Todos los precios indicados en los productos que se ofrecen en esta web\u00a0incluyen el IVA y cualesquiera otros impuestos aplicables. En el caso del IVA, \u00e9ste puede ser del\u00a04%, del&#8230;<\/p>\n","protected":false},"author":1,"featured_media":0,"parent":0,"menu_order":0,"comment_status":"closed","ping_status":"closed","template":"","meta":{"_acf_changed":false,"inline_featured_image":false,"footnotes":""},"class_list":["post-2729","page","type-page","status-publish","hentry"],"acf":[],"yoast_head":"<!-- This site is optimized with the Yoast SEO plugin v26.1.1 - https:\/\/yoast.com\/wordpress\/plugins\/seo\/ -->\n<title>Precios de los productos - Qinera<\/title>\n<meta name=\"robots\" content=\"index, follow, max-snippet:-1, max-image-preview:large, max-video-preview:-1\" \/>\n<link rel=\"canonical\" href=\"https:\/\/qinera.com\/es\/precios-de-los-productos\/\" \/>\n<meta property=\"og:locale\" content=\"es_ES\" \/>\n<meta property=\"og:type\" content=\"article\" \/>\n<meta property=\"og:title\" content=\"Precios de los productos - Qinera\" \/>\n<meta property=\"og:description\" content=\"Todos los precios indicados en los productos que se ofrecen en esta web\u00a0incluyen el IVA y cualesquiera otros impuestos aplicables. En el caso del IVA, \u00e9ste puede ser del\u00a04%, del...\" \/>\n<meta property=\"og:url\" content=\"https:\/\/qinera.com\/es\/precios-de-los-productos\/\" \/>\n<meta property=\"og:site_name\" content=\"Qinera\" \/>\n<meta property=\"article:modified_time\" content=\"2025-07-08T12:51:34+00:00\" \/>\n<meta name=\"twitter:card\" content=\"summary_large_image\" \/>\n<meta name=\"twitter:label1\" content=\"Tiempo de lectura\" \/>\n\t<meta name=\"twitter:data1\" content=\"2 minutos\" \/>\n<script type=\"application\/ld+json\" class=\"yoast-schema-graph\">{\"@context\":\"https:\/\/schema.org\",\"@graph\":[{\"@type\":\"WebPage\",\"@id\":\"https:\/\/qinera.com\/es\/precios-de-los-productos\/\",\"url\":\"https:\/\/qinera.com\/es\/precios-de-los-productos\/\",\"name\":\"Precios de los productos - Qinera\",\"isPartOf\":{\"@id\":\"https:\/\/qinera.com\/es\/#website\"},\"datePublished\":\"2024-04-03T08:27:47+00:00\",\"dateModified\":\"2025-07-08T12:51:34+00:00\",\"breadcrumb\":{\"@id\":\"https:\/\/qinera.com\/es\/precios-de-los-productos\/#breadcrumb\"},\"inLanguage\":\"es\",\"potentialAction\":[{\"@type\":\"ReadAction\",\"target\":[\"https:\/\/qinera.com\/es\/precios-de-los-productos\/\"]}]},{\"@type\":\"BreadcrumbList\",\"@id\":\"https:\/\/qinera.com\/es\/precios-de-los-productos\/#breadcrumb\",\"itemListElement\":[{\"@type\":\"ListItem\",\"position\":1,\"name\":\"Portada\",\"item\":\"https:\/\/qinera.com\/es\/\"},{\"@type\":\"ListItem\",\"position\":2,\"name\":\"Precios de los productos\"}]},{\"@type\":\"WebSite\",\"@id\":\"https:\/\/qinera.com\/es\/#website\",\"url\":\"https:\/\/qinera.com\/es\/\",\"name\":\"Qinera\",\"description\":\"\",\"potentialAction\":[{\"@type\":\"SearchAction\",\"target\":{\"@type\":\"EntryPoint\",\"urlTemplate\":\"https:\/\/qinera.com\/es\/?s={search_term_string}\"},\"query-input\":{\"@type\":\"PropertyValueSpecification\",\"valueRequired\":true,\"valueName\":\"search_term_string\"}}],\"inLanguage\":\"es\"}]}<\/script>\n<!-- \/ Yoast SEO plugin. -->","yoast_head_json":{"title":"Precios de los productos - Qinera","robots":{"index":"index","follow":"follow","max-snippet":"max-snippet:-1","max-image-preview":"max-image-preview:large","max-video-preview":"max-video-preview:-1"},"canonical":"https:\/\/qinera.com\/es\/precios-de-los-productos\/","og_locale":"es_ES","og_type":"article","og_title":"Precios de los productos - Qinera","og_description":"Todos los precios indicados en los productos que se ofrecen en esta web\u00a0incluyen el IVA y cualesquiera otros impuestos aplicables. En el caso del IVA, \u00e9ste puede ser del\u00a04%, del...","og_url":"https:\/\/qinera.com\/es\/precios-de-los-productos\/","og_site_name":"Qinera","article_modified_time":"2025-07-08T12:51:34+00:00","twitter_card":"summary_large_image","twitter_misc":{"Tiempo de lectura":"2 minutos"},"schema":{"@context":"https:\/\/schema.org","@graph":[{"@type":"WebPage","@id":"https:\/\/qinera.com\/es\/precios-de-los-productos\/","url":"https:\/\/qinera.com\/es\/precios-de-los-productos\/","name":"Precios de los productos - Qinera","isPartOf":{"@id":"https:\/\/qinera.com\/es\/#website"},"datePublished":"2024-04-03T08:27:47+00:00","dateModified":"2025-07-08T12:51:34+00:00","breadcrumb":{"@id":"https:\/\/qinera.com\/es\/precios-de-los-productos\/#breadcrumb"},"inLanguage":"es","potentialAction":[{"@type":"ReadAction","target":["https:\/\/qinera.com\/es\/precios-de-los-productos\/"]}]},{"@type":"BreadcrumbList","@id":"https:\/\/qinera.com\/es\/precios-de-los-productos\/#breadcrumb","itemListElement":[{"@type":"ListItem","position":1,"name":"Portada","item":"https:\/\/qinera.com\/es\/"},{"@type":"ListItem","position":2,"name":"Precios de los productos"}]},{"@type":"WebSite","@id":"https:\/\/qinera.com\/es\/#website","url":"https:\/\/qinera.com\/es\/","name":"Qinera","description":"","potentialAction":[{"@type":"SearchAction","target":{"@type":"EntryPoint","urlTemplate":"https:\/\/qinera.com\/es\/?s={search_term_string}"},"query-input":{"@type":"PropertyValueSpecification","valueRequired":true,"valueName":"search_term_string"}}],"inLanguage":"es"}]}},"_links":{"self":[{"href":"https:\/\/qinera.com\/es\/wp-json\/wp\/v2\/pages\/2729","targetHints":{"allow":["GET"]}}],"collection":[{"href":"https:\/\/qinera.com\/es\/wp-json\/wp\/v2\/pages"}],"about":[{"href":"https:\/\/qinera.com\/es\/wp-json\/wp\/v2\/types\/page"}],"author":[{"embeddable":true,"href":"https:\/\/qinera.com\/es\/wp-json\/wp\/v2\/users\/1"}],"replies":[{"embeddable":true,"href":"https:\/\/qinera.com\/es\/wp-json\/wp\/v2\/comments?post=2729"}],"version-history":[{"count":3,"href":"https:\/\/qinera.com\/es\/wp-json\/wp\/v2\/pages\/2729\/revisions"}],"predecessor-version":[{"id":6487,"href":"https:\/\/qinera.com\/es\/wp-json\/wp\/v2\/pages\/2729\/revisions\/6487"}],"wp:attachment":[{"href":"https:\/\/qinera.com\/es\/wp-json\/wp\/v2\/media?parent=2729"}],"curies":[{"name":"wp","href":"https:\/\/api.w.org\/{rel}","templated":true}]}}