{"id":2743,"date":"2024-04-03T10:27:47","date_gmt":"2024-04-03T08:27:47","guid":{"rendered":"https:\/\/qinera.com\/?page_id=2743"},"modified":"2025-07-08T14:49:40","modified_gmt":"2025-07-08T12:49:40","slug":"atencion-al-cliente","status":"publish","type":"page","link":"https:\/\/qinera.com\/es\/atencion-al-cliente\/","title":{"rendered":"Atenci\u00f3n al cliente"},"content":{"rendered":"\t\t<div data-elementor-type=\"wp-page\" data-elementor-id=\"2743\" class=\"elementor elementor-2743\" data-elementor-post-type=\"page\">\n\t\t\t\t<div class=\"elementor-element elementor-element-502f2a3 e-flex e-con-boxed e-con e-parent\" data-id=\"502f2a3\" data-element_type=\"container\">\n\t\t\t\t\t<div class=\"e-con-inner\">\n\t\t<div class=\"elementor-element elementor-element-b661c9e e-flex e-con-boxed e-con e-child\" data-id=\"b661c9e\" data-element_type=\"container\">\n\t\t\t\t\t<div class=\"e-con-inner\">\n\t\t\t\t<div class=\"elementor-element elementor-element-75409ed elementor-widget elementor-widget-text-editor\" data-id=\"75409ed\" data-element_type=\"widget\" data-widget_type=\"text-editor.default\">\n\t\t\t\t<div class=\"elementor-widget-container\">\n\t\t\t\t\t\t\t\t\t<p>Gracias por confiar en los productos y servicio de tecnolog\u00eda de apoyo que dise\u00f1a y comercializa Qinera.<\/p><p>Tanto si realizas tus compras a trav\u00e9s nuestra tienda online, como si adquieres nuestros productos mediante nuestros asesores\u00a0o atenci\u00f3n telef\u00f3nica, has de saber que\u00a0<strong>cuidamos al m\u00e1ximo de los detalles<\/strong>\u00a0en todo momento: desde el dise\u00f1o de nuestros productos, la elecci\u00f3n de materiales, las pruebas y controles de calidad, la selecci\u00f3n de proveedores, hasta que llegan a ti.<\/p><p>No obstante, si consideras que\u00a0<strong>hay alg\u00fan aspecto de tu compra que no cumple con lo esperado<\/strong>, por favor, ponte en contacto con nosotros mediante nuestro email\u00a0<a href=\"mailto:comprasweb@bjadaptaciones.com\">comprasweb@qinera.com<\/a>\u00a0o bien llamando al tel\u00e9fono\u00a0<strong>932 850 437<\/strong>\u00a0en horario de comercial (de lunes a jueves: 9:00-14:00, 15:00-18:00 y viernes: 09:00-14:00)<\/p><p><strong>Si antes de adquirir los productos de nuestro cat\u00e1logo tienes alguna duda sobre m\u00e9todos de pago<\/strong>, puedes escribirnos a\u00a0<a href=\"mailto:comprasweb@bjadaptaciones.com\">comprasweb@qinera.com<\/a>\u00a0o bien llamarnos al\u00a0<strong>932 850 437<\/strong>.<\/p><p>Estaremos encantados de ayudarte.<\/p><p>Para m\u00e1s informaci\u00f3n consulta nuestros <strong><a href=\"https:\/\/qinera.com\/es\/aviso-legal\/\">T\u00e9rminos y condiciones de uso<\/a><\/strong>.<\/p>\t\t\t\t\t\t\t\t<\/div>\n\t\t\t\t<\/div>\n\t\t\t\t\t<\/div>\n\t\t\t\t<\/div>\n\t\t<div class=\"elementor-element elementor-element-8dc4c33 e-flex e-con-boxed e-con e-child\" data-id=\"8dc4c33\" data-element_type=\"container\">\n\t\t\t\t\t<div class=\"e-con-inner\">\n\t\t\t\t\t<\/div>\n\t\t\t\t<\/div>\n\t\t\t\t\t<\/div>\n\t\t\t\t<\/div>\n\t\t<div class=\"elementor-element elementor-element-cfe9095 e-flex e-con-boxed e-con e-parent\" data-id=\"cfe9095\" data-element_type=\"container\">\n\t\t\t\t\t<div class=\"e-con-inner\">\n\t\t\t\t\t<\/div>\n\t\t\t\t<\/div>\n\t\t\t\t<\/div>\n\t\t","protected":false},"excerpt":{"rendered":"<p>Gracias por confiar en los productos y servicio de tecnolog\u00eda de apoyo que dise\u00f1a y comercializa Qinera. Tanto si realizas tus compras a trav\u00e9s nuestra tienda online, como si adquieres&#8230;<\/p>\n","protected":false},"author":1,"featured_media":0,"parent":0,"menu_order":0,"comment_status":"closed","ping_status":"closed","template":"","meta":{"_acf_changed":false,"inline_featured_image":false,"footnotes":""},"class_list":["post-2743","page","type-page","status-publish","hentry"],"acf":[],"yoast_head":"<!-- This site is optimized with the Yoast SEO plugin v26.1.1 - https:\/\/yoast.com\/wordpress\/plugins\/seo\/ -->\n<title>Atenci\u00f3n al cliente - Qinera<\/title>\n<meta name=\"robots\" content=\"index, follow, max-snippet:-1, max-image-preview:large, max-video-preview:-1\" \/>\n<link rel=\"canonical\" href=\"https:\/\/qinera.com\/es\/atencion-al-cliente\/\" \/>\n<meta property=\"og:locale\" content=\"es_ES\" \/>\n<meta property=\"og:type\" content=\"article\" \/>\n<meta property=\"og:title\" content=\"Atenci\u00f3n al cliente - Qinera\" \/>\n<meta property=\"og:description\" content=\"Gracias por confiar en los productos y servicio de tecnolog\u00eda de apoyo que dise\u00f1a y comercializa Qinera. Tanto si realizas tus compras a trav\u00e9s nuestra tienda online, como si adquieres...\" \/>\n<meta property=\"og:url\" content=\"https:\/\/qinera.com\/es\/atencion-al-cliente\/\" \/>\n<meta property=\"og:site_name\" content=\"Qinera\" \/>\n<meta property=\"article:modified_time\" content=\"2025-07-08T12:49:40+00:00\" \/>\n<meta name=\"twitter:card\" content=\"summary_large_image\" \/>\n<meta name=\"twitter:label1\" content=\"Tiempo de lectura\" \/>\n\t<meta name=\"twitter:data1\" content=\"1 minuto\" \/>\n<script type=\"application\/ld+json\" class=\"yoast-schema-graph\">{\"@context\":\"https:\/\/schema.org\",\"@graph\":[{\"@type\":\"WebPage\",\"@id\":\"https:\/\/qinera.com\/es\/atencion-al-cliente\/\",\"url\":\"https:\/\/qinera.com\/es\/atencion-al-cliente\/\",\"name\":\"Atenci\u00f3n al cliente - Qinera\",\"isPartOf\":{\"@id\":\"https:\/\/qinera.com\/es\/#website\"},\"datePublished\":\"2024-04-03T08:27:47+00:00\",\"dateModified\":\"2025-07-08T12:49:40+00:00\",\"breadcrumb\":{\"@id\":\"https:\/\/qinera.com\/es\/atencion-al-cliente\/#breadcrumb\"},\"inLanguage\":\"es\",\"potentialAction\":[{\"@type\":\"ReadAction\",\"target\":[\"https:\/\/qinera.com\/es\/atencion-al-cliente\/\"]}]},{\"@type\":\"BreadcrumbList\",\"@id\":\"https:\/\/qinera.com\/es\/atencion-al-cliente\/#breadcrumb\",\"itemListElement\":[{\"@type\":\"ListItem\",\"position\":1,\"name\":\"Portada\",\"item\":\"https:\/\/qinera.com\/es\/\"},{\"@type\":\"ListItem\",\"position\":2,\"name\":\"Atenci\u00f3n al cliente\"}]},{\"@type\":\"WebSite\",\"@id\":\"https:\/\/qinera.com\/es\/#website\",\"url\":\"https:\/\/qinera.com\/es\/\",\"name\":\"Qinera\",\"description\":\"\",\"potentialAction\":[{\"@type\":\"SearchAction\",\"target\":{\"@type\":\"EntryPoint\",\"urlTemplate\":\"https:\/\/qinera.com\/es\/?s={search_term_string}\"},\"query-input\":{\"@type\":\"PropertyValueSpecification\",\"valueRequired\":true,\"valueName\":\"search_term_string\"}}],\"inLanguage\":\"es\"}]}<\/script>\n<!-- \/ Yoast SEO plugin. -->","yoast_head_json":{"title":"Atenci\u00f3n al cliente - Qinera","robots":{"index":"index","follow":"follow","max-snippet":"max-snippet:-1","max-image-preview":"max-image-preview:large","max-video-preview":"max-video-preview:-1"},"canonical":"https:\/\/qinera.com\/es\/atencion-al-cliente\/","og_locale":"es_ES","og_type":"article","og_title":"Atenci\u00f3n al cliente - Qinera","og_description":"Gracias por confiar en los productos y servicio de tecnolog\u00eda de apoyo que dise\u00f1a y comercializa Qinera. Tanto si realizas tus compras a trav\u00e9s nuestra tienda online, como si adquieres...","og_url":"https:\/\/qinera.com\/es\/atencion-al-cliente\/","og_site_name":"Qinera","article_modified_time":"2025-07-08T12:49:40+00:00","twitter_card":"summary_large_image","twitter_misc":{"Tiempo de lectura":"1 minuto"},"schema":{"@context":"https:\/\/schema.org","@graph":[{"@type":"WebPage","@id":"https:\/\/qinera.com\/es\/atencion-al-cliente\/","url":"https:\/\/qinera.com\/es\/atencion-al-cliente\/","name":"Atenci\u00f3n al cliente - Qinera","isPartOf":{"@id":"https:\/\/qinera.com\/es\/#website"},"datePublished":"2024-04-03T08:27:47+00:00","dateModified":"2025-07-08T12:49:40+00:00","breadcrumb":{"@id":"https:\/\/qinera.com\/es\/atencion-al-cliente\/#breadcrumb"},"inLanguage":"es","potentialAction":[{"@type":"ReadAction","target":["https:\/\/qinera.com\/es\/atencion-al-cliente\/"]}]},{"@type":"BreadcrumbList","@id":"https:\/\/qinera.com\/es\/atencion-al-cliente\/#breadcrumb","itemListElement":[{"@type":"ListItem","position":1,"name":"Portada","item":"https:\/\/qinera.com\/es\/"},{"@type":"ListItem","position":2,"name":"Atenci\u00f3n al cliente"}]},{"@type":"WebSite","@id":"https:\/\/qinera.com\/es\/#website","url":"https:\/\/qinera.com\/es\/","name":"Qinera","description":"","potentialAction":[{"@type":"SearchAction","target":{"@type":"EntryPoint","urlTemplate":"https:\/\/qinera.com\/es\/?s={search_term_string}"},"query-input":{"@type":"PropertyValueSpecification","valueRequired":true,"valueName":"search_term_string"}}],"inLanguage":"es"}]}},"_links":{"self":[{"href":"https:\/\/qinera.com\/es\/wp-json\/wp\/v2\/pages\/2743","targetHints":{"allow":["GET"]}}],"collection":[{"href":"https:\/\/qinera.com\/es\/wp-json\/wp\/v2\/pages"}],"about":[{"href":"https:\/\/qinera.com\/es\/wp-json\/wp\/v2\/types\/page"}],"author":[{"embeddable":true,"href":"https:\/\/qinera.com\/es\/wp-json\/wp\/v2\/users\/1"}],"replies":[{"embeddable":true,"href":"https:\/\/qinera.com\/es\/wp-json\/wp\/v2\/comments?post=2743"}],"version-history":[{"count":3,"href":"https:\/\/qinera.com\/es\/wp-json\/wp\/v2\/pages\/2743\/revisions"}],"predecessor-version":[{"id":6484,"href":"https:\/\/qinera.com\/es\/wp-json\/wp\/v2\/pages\/2743\/revisions\/6484"}],"wp:attachment":[{"href":"https:\/\/qinera.com\/es\/wp-json\/wp\/v2\/media?parent=2743"}],"curies":[{"name":"wp","href":"https:\/\/api.w.org\/{rel}","templated":true}]}}