{"id":32,"date":"2023-09-12T16:42:15","date_gmt":"2023-09-12T14:42:15","guid":{"rendered":"https:\/\/qinera.com\/?page_id=32"},"modified":"2025-11-17T15:40:00","modified_gmt":"2025-11-17T14:40:00","slug":"contacta","status":"publish","type":"page","link":"https:\/\/qinera.com\/es\/contacta\/","title":{"rendered":"Contacta"},"content":{"rendered":"\t\t<div data-elementor-type=\"wp-page\" data-elementor-id=\"32\" class=\"elementor elementor-32\" data-elementor-post-type=\"page\">\n\t\t\t\t<div class=\"elementor-element elementor-element-1a3f1d1 e-flex e-con-boxed e-con e-parent\" data-id=\"1a3f1d1\" data-element_type=\"container\">\n\t\t\t\t\t<div class=\"e-con-inner\">\n\t\t<div class=\"elementor-element elementor-element-12d0c10 e-con-full e-flex e-con e-child\" data-id=\"12d0c10\" data-element_type=\"container\">\n\t\t<div class=\"elementor-element elementor-element-c4ab370 e-con-full e-flex e-con e-child\" data-id=\"c4ab370\" data-element_type=\"container\">\n\t\t\t\t<div class=\"elementor-element elementor-element-77027d0 elementor-widget elementor-widget-heading\" data-id=\"77027d0\" data-element_type=\"widget\" data-widget_type=\"heading.default\">\n\t\t\t\t<div class=\"elementor-widget-container\">\n\t\t\t\t\t<h2 class=\"elementor-heading-title elementor-size-default\"><b>Cont\u00e1ctanos<\/b><\/h2>\t\t\t\t<\/div>\n\t\t\t\t<\/div>\n\t\t\t\t<div class=\"elementor-element elementor-element-22c8c9f elementor-widget elementor-widget-text-editor\" data-id=\"22c8c9f\" data-element_type=\"widget\" data-widget_type=\"text-editor.default\">\n\t\t\t\t<div class=\"elementor-widget-container\">\n\t\t\t\t\t\t\t\t\t<p>\u00a1Estamos a tu lado! Si necesitas ayuda o m\u00e1s informaci\u00f3n, no dudes en escribirnos. Estaremos encantados de ayudarte y te daremos respuesta a la mayor brevedad posible.<\/p>\t\t\t\t\t\t\t\t<\/div>\n\t\t\t\t<\/div>\n\t\t\t\t<div class=\"elementor-element elementor-element-20aa463 contacto elementor-widget elementor-widget-shortcode\" data-id=\"20aa463\" data-element_type=\"widget\" data-widget_type=\"shortcode.default\">\n\t\t\t\t<div class=\"elementor-widget-container\">\n\t\t\t\t\t\t\t<div class=\"elementor-shortcode\">\n<div class=\"wpcf7 no-js\" id=\"wpcf7-f6-o1\" lang=\"es-ES\" dir=\"ltr\" data-wpcf7-id=\"6\">\n<div class=\"screen-reader-response\"><p role=\"status\" aria-live=\"polite\" aria-atomic=\"true\"><\/p> <ul><\/ul><\/div>\n<form action=\"\/es\/wp-json\/wp\/v2\/pages\/32#wpcf7-f6-o1\" method=\"post\" class=\"wpcf7-form init\" aria-label=\"Formulario de contacto\" novalidate=\"novalidate\" data-status=\"init\">\n<fieldset class=\"hidden-fields-container\"><input type=\"hidden\" name=\"_wpcf7\" value=\"6\" \/><input type=\"hidden\" name=\"_wpcf7_version\" value=\"6.1.1\" \/><input type=\"hidden\" name=\"_wpcf7_locale\" value=\"es_ES\" \/><input type=\"hidden\" name=\"_wpcf7_unit_tag\" value=\"wpcf7-f6-o1\" \/><input type=\"hidden\" name=\"_wpcf7_container_post\" value=\"0\" \/><input type=\"hidden\" name=\"_wpcf7_posted_data_hash\" value=\"\" \/><input type=\"hidden\" name=\"_wpcf7_recaptcha_response\" value=\"\" \/>\n<\/fieldset>\n<div class=\"row\">\n\t<div class=\"col-md-6\">\n\t\t<p><label>Nombre<br \/>\n<span class=\"wpcf7-form-control-wrap\" data-name=\"your-name\"><input size=\"40\" maxlength=\"400\" class=\"wpcf7-form-control wpcf7-text wpcf7-validates-as-required\" aria-required=\"true\" aria-invalid=\"false\" value=\"\" type=\"text\" name=\"your-name\" \/><\/span> <\/label>\n\t\t<\/p>\n\t<\/div>\n\t<div class=\"col-md-6\">\n\t\t<p><label>Tel\u00e9fono<br \/>\n<span class=\"wpcf7-form-control-wrap\" data-name=\"Telfono\"><input size=\"40\" maxlength=\"400\" class=\"wpcf7-form-control wpcf7-tel wpcf7-validates-as-required wpcf7-text wpcf7-validates-as-tel\" aria-required=\"true\" aria-invalid=\"false\" value=\"\" type=\"tel\" name=\"Telfono\" \/><\/span> <\/label>\n\t\t<\/p>\n\t<\/div>\n\t<div class=\"col-md-6\">\n\t\t<p><label>Correo electr\u00f3nico<br \/>\n<span class=\"wpcf7-form-control-wrap\" data-name=\"your-email\"><input size=\"40\" maxlength=\"400\" class=\"wpcf7-form-control wpcf7-email wpcf7-validates-as-required wpcf7-text wpcf7-validates-as-email\" aria-required=\"true\" aria-invalid=\"false\" value=\"\" type=\"email\" name=\"your-email\" \/><\/span> <\/label>\n\t\t<\/p>\n\t<\/div>\n\t<div class=\"col-md-6\">\n\t\t<p><label>Asunto<br \/>\n<span class=\"wpcf7-form-control-wrap\" data-name=\"your-subject\"><input size=\"40\" maxlength=\"400\" class=\"wpcf7-form-control wpcf7-text wpcf7-validates-as-required\" aria-required=\"true\" aria-invalid=\"false\" value=\"\" type=\"text\" name=\"your-subject\" \/><\/span> <\/label>\n\t\t<\/p>\n\t<\/div>\n\t<div class=\"col-md-12\">\n\t\t<p><label>Mensaje<br \/>\n<span class=\"wpcf7-form-control-wrap\" data-name=\"your-message\"><textarea cols=\"40\" rows=\"10\" maxlength=\"2000\" class=\"wpcf7-form-control wpcf7-textarea\" aria-invalid=\"false\" name=\"your-message\"><\/textarea><\/span> <\/label>\n\t\t<\/p>\n\t<\/div>\n\t<div class=\"col-md-12\">\n\t\t<p><span class=\"wpcf7-form-control-wrap\" data-name=\"politica\"><span class=\"wpcf7-form-control wpcf7-acceptance\"><span class=\"wpcf7-list-item\"><label><input type=\"checkbox\" name=\"politica\" value=\"1\" aria-invalid=\"false\" \/><span class=\"wpcf7-list-item-label\">Acepto la pol\u00edtica de privacidad *<\/span><\/label><\/span><\/span><\/span>\n\t\t<\/p>\n\t<\/div>\n\t<div class=\"col-md-12\">\n\t\t<p><span class=\"wpcf7-form-control-wrap\" data-name=\"newsletter\"><span class=\"wpcf7-form-control wpcf7-acceptance optional\"><span class=\"wpcf7-list-item\"><label><input type=\"checkbox\" name=\"newsletter\" value=\"1\" aria-invalid=\"false\" \/><span class=\"wpcf7-list-item-label\">Quiero recibir noticias y novedades<\/span><\/label><\/span><\/span><\/span>\n\t\t<\/p>\n\t<\/div>\n\t<div class=\"col-md-12\">\n\t\t<p><input class=\"wpcf7-form-control wpcf7-submit has-spinner\" type=\"submit\" value=\"Enviar\" \/>\n\t\t<\/p>\n\t<\/div>\n<\/div><div class=\"wpcf7-response-output\" aria-hidden=\"true\"><\/div>\n<\/form>\n<\/div>\n<\/div>\n\t\t\t\t\t\t<\/div>\n\t\t\t\t<\/div>\n\t\t\t\t<\/div>\n\t\t\t\t<\/div>\n\t\t<div class=\"elementor-element elementor-element-8853a81 e-con-full e-flex e-con e-child\" data-id=\"8853a81\" data-element_type=\"container\">\n\t\t\t\t<\/div>\n\t\t\t\t\t<\/div>\n\t\t\t\t<\/div>\n\t\t<div class=\"elementor-element elementor-element-41eef91 e-flex e-con-boxed e-con e-parent\" data-id=\"41eef91\" data-element_type=\"container\">\n\t\t\t\t\t<div class=\"e-con-inner\">\n\t\t<div class=\"elementor-element elementor-element-d0e2dbe e-con-full e-flex e-con e-child\" data-id=\"d0e2dbe\" data-element_type=\"container\">\n\t\t<div class=\"elementor-element elementor-element-d928fe3 e-con-full e-flex e-con e-child\" data-id=\"d928fe3\" data-element_type=\"container\" data-settings=\"{&quot;background_background&quot;:&quot;classic&quot;}\">\n\t\t<div class=\"elementor-element elementor-element-50fe39a e-flex e-con-boxed e-con e-child\" data-id=\"50fe39a\" data-element_type=\"container\">\n\t\t\t\t\t<div class=\"e-con-inner\">\n\t\t\t\t<div class=\"elementor-element elementor-element-f60d2ef color0 elementor-widget elementor-widget-heading\" data-id=\"f60d2ef\" data-element_type=\"widget\" data-widget_type=\"heading.default\">\n\t\t\t\t<div class=\"elementor-widget-container\">\n\t\t\t\t\t<h3 class=\"elementor-heading-title elementor-size-default\">\u00a1Te dise\u00f1amos un proyecto de sala sensorial sin coste alguno!<\/h3>\t\t\t\t<\/div>\n\t\t\t\t<\/div>\n\t\t\t\t<div class=\"elementor-element elementor-element-03d7dd4 elementor-widget__width-initial color0 elementor-widget-widescreen__width-initial elementor-widget elementor-widget-heading\" data-id=\"03d7dd4\" data-element_type=\"widget\" data-widget_type=\"heading.default\">\n\t\t\t\t<div class=\"elementor-widget-container\">\n\t\t\t\t\t<h4 class=\"elementor-heading-title elementor-size-default\">Si lo que necesitas es que creemos para ti un proyecto de espacio multisensorial a tu medida. D\u00e9janos tus datos en este formulario.<\/h4>\t\t\t\t<\/div>\n\t\t\t\t<\/div>\n\t\t\t\t<div class=\"elementor-element elementor-element-e519d02 button-container elementor-widget elementor-widget-button\" data-id=\"e519d02\" data-element_type=\"widget\" data-widget_type=\"button.default\">\n\t\t\t\t<div class=\"elementor-widget-container\">\n\t\t\t\t\t\t\t\t\t<div class=\"elementor-button-wrapper\">\n\t\t\t\t\t<a class=\"elementor-button elementor-button-link elementor-size-sm\" href=\"https:\/\/qinera.com\/es\/formulario-entorno-multisensorial\/\" target=\"_blank\">\n\t\t\t\t\t\t<span class=\"elementor-button-content-wrapper\">\n\t\t\t\t\t\t\t\t\t<span class=\"elementor-button-text\">Dejar mis datos<\/span>\n\t\t\t\t\t<\/span>\n\t\t\t\t\t<\/a>\n\t\t\t\t<\/div>\n\t\t\t\t\t\t\t\t<\/div>\n\t\t\t\t<\/div>\n\t\t\t\t\t<\/div>\n\t\t\t\t<\/div>\n\t\t\t\t<\/div>\n\t\t\t\t<\/div>\n\t\t<div class=\"elementor-element elementor-element-ff01832 e-con-full e-flex e-con e-child\" data-id=\"ff01832\" data-element_type=\"container\">\n\t\t<div class=\"elementor-element elementor-element-e2140a6 e-con-full e-flex e-con e-child\" data-id=\"e2140a6\" data-element_type=\"container\" data-settings=\"{&quot;background_background&quot;:&quot;classic&quot;}\">\n\t\t<div class=\"elementor-element elementor-element-3f13104 e-flex e-con-boxed e-con e-child\" data-id=\"3f13104\" data-element_type=\"container\">\n\t\t\t\t\t<div class=\"e-con-inner\">\n\t\t\t\t<div class=\"elementor-element elementor-element-5a08c70 color0 elementor-widget elementor-widget-heading\" data-id=\"5a08c70\" data-element_type=\"widget\" data-widget_type=\"heading.default\">\n\t\t\t\t<div class=\"elementor-widget-container\">\n\t\t\t\t\t<h3 class=\"elementor-heading-title elementor-size-default\">Asesoramiento en CAA y lectores oculares<\/h3>\t\t\t\t<\/div>\n\t\t\t\t<\/div>\n\t\t\t\t<div class=\"elementor-element elementor-element-de0d6d7 elementor-widget__width-initial color0 elementor-widget-widescreen__width-initial elementor-widget elementor-widget-heading\" data-id=\"de0d6d7\" data-element_type=\"widget\" data-widget_type=\"heading.default\">\n\t\t\t\t<div class=\"elementor-widget-container\">\n\t\t\t\t\t<h4 class=\"elementor-heading-title elementor-size-default\">Nuestros expertos en Comunicaci\u00f3n Aumentativa y mirada realizan valoraciones para determinar cu\u00e1l es la mejor soluci\u00f3n para cada persona.<\/h4>\t\t\t\t<\/div>\n\t\t\t\t<\/div>\n\t\t\t\t<div class=\"elementor-element elementor-element-58f7adb button-container elementor-widget elementor-widget-button\" data-id=\"58f7adb\" data-element_type=\"widget\" data-widget_type=\"button.default\">\n\t\t\t\t<div class=\"elementor-widget-container\">\n\t\t\t\t\t\t\t\t\t<div class=\"elementor-button-wrapper\">\n\t\t\t\t\t<a class=\"elementor-button elementor-button-link elementor-size-sm\" href=\"https:\/\/qinera.com\/formulari-comunicacion-aumentativa\/\" target=\"_blank\">\n\t\t\t\t\t\t<span class=\"elementor-button-content-wrapper\">\n\t\t\t\t\t\t\t\t\t<span class=\"elementor-button-text\">Dejar mis datos<\/span>\n\t\t\t\t\t<\/span>\n\t\t\t\t\t<\/a>\n\t\t\t\t<\/div>\n\t\t\t\t\t\t\t\t<\/div>\n\t\t\t\t<\/div>\n\t\t\t\t\t<\/div>\n\t\t\t\t<\/div>\n\t\t\t\t<\/div>\n\t\t\t\t<\/div>\n\t\t\t\t\t<\/div>\n\t\t\t\t<\/div>\n\t\t<div class=\"elementor-element elementor-element-3d70b82 e-flex e-con-boxed e-con e-parent\" data-id=\"3d70b82\" data-element_type=\"container\">\n\t\t\t\t\t<div class=\"e-con-inner\">\n\t\t<div class=\"elementor-element elementor-element-1c99f49 e-flex e-con-boxed e-con e-child\" data-id=\"1c99f49\" data-element_type=\"container\">\n\t\t\t\t\t<div class=\"e-con-inner\">\n\t\t\t\t<div class=\"elementor-element elementor-element-f23f75a elementor-widget elementor-widget-heading\" data-id=\"f23f75a\" data-element_type=\"widget\" data-widget_type=\"heading.default\">\n\t\t\t\t<div class=\"elementor-widget-container\">\n\t\t\t\t\t<h2 class=\"elementor-heading-title elementor-size-default\"><\/b> Nuestras <b>oficinas <\/h2>\t\t\t\t<\/div>\n\t\t\t\t<\/div>\n\t\t\t\t\t<\/div>\n\t\t\t\t<\/div>\n\t\t<div class=\"elementor-element elementor-element-7c00072 e-flex e-con-boxed e-con e-child\" data-id=\"7c00072\" data-element_type=\"container\">\n\t\t\t\t\t<div class=\"e-con-inner\">\n\t\t\t\t\t<\/div>\n\t\t\t\t<\/div>\n\t\t\t\t\t<\/div>\n\t\t\t\t<\/div>\n\t\t<div class=\"elementor-element elementor-element-ee18fed e-flex e-con-boxed e-con e-parent\" data-id=\"ee18fed\" data-element_type=\"container\">\n\t\t\t\t\t<div class=\"e-con-inner\">\n\t\t<div class=\"elementor-element elementor-element-a0b95f7 e-con-full e-flex e-con e-child\" data-id=\"a0b95f7\" data-element_type=\"container\">\n\t\t<div class=\"elementor-element elementor-element-ff14b4e e-con-full e-flex e-con e-child\" data-id=\"ff14b4e\" data-element_type=\"container\">\n\t\t\t\t<div class=\"elementor-element elementor-element-87c2970 elementor-widget elementor-widget-google_maps\" data-id=\"87c2970\" data-element_type=\"widget\" data-widget_type=\"google_maps.default\">\n\t\t\t\t<div class=\"elementor-widget-container\">\n\t\t\t\t\t\t\t<div class=\"elementor-custom-embed\">\n\t\t\t<iframe loading=\"lazy\"\n\t\t\t\t\tsrc=\"https:\/\/maps.google.com\/maps?q=C%2F%20Pac%C3%ADfic%2C%2051%20%28local%29%2008027%20Barcelona&#038;t=m&#038;z=15&#038;output=embed&#038;iwloc=near\"\n\t\t\t\t\ttitle=\"C\/ Pac\u00edfic, 51 (local) 08027 Barcelona\"\n\t\t\t\t\taria-label=\"C\/ Pac\u00edfic, 51 (local) 08027 Barcelona\"\n\t\t\t><\/iframe>\n\t\t<\/div>\n\t\t\t\t\t\t<\/div>\n\t\t\t\t<\/div>\n\t\t\t\t<\/div>\n\t\t\t\t<\/div>\n\t\t<div class=\"elementor-element elementor-element-8001ef9 e-con-full e-flex e-con e-child\" data-id=\"8001ef9\" data-element_type=\"container\">\n\t\t<div class=\"elementor-element elementor-element-e9c892d e-con-full e-flex e-con e-child\" data-id=\"e9c892d\" data-element_type=\"container\">\n\t\t\t\t<div class=\"elementor-element elementor-element-ed36561 elementor-widget elementor-widget-text-editor\" data-id=\"ed36561\" data-element_type=\"widget\" data-widget_type=\"text-editor.default\">\n\t\t\t\t<div class=\"elementor-widget-container\">\n\t\t\t\t\t\t\t\t\t<p><strong>Barcelona<\/strong><\/p><p>C\/ Pac\u00edfic, 51 (local)<\/p><p>08027 Barcelona<\/p><p>Tel. +34 932 850 437<\/p><p><a href=\"mailto:info@qinera.com\">info@qinera.com<\/a><\/p>\t\t\t\t\t\t\t\t<\/div>\n\t\t\t\t<\/div>\n\t\t\t\t<\/div>\n\t\t\t\t<\/div>\n\t\t\t\t\t<\/div>\n\t\t\t\t<\/div>\n\t\t<div class=\"elementor-element elementor-element-81822a7 e-flex e-con-boxed e-con e-parent\" data-id=\"81822a7\" data-element_type=\"container\">\n\t\t\t\t\t<div class=\"e-con-inner\">\n\t\t<div class=\"elementor-element elementor-element-4defaa2 e-con-full e-flex e-con e-child\" data-id=\"4defaa2\" data-element_type=\"container\">\n\t\t<div class=\"elementor-element elementor-element-d72da86 e-con-full e-flex e-con e-child\" data-id=\"d72da86\" data-element_type=\"container\">\n\t\t\t\t<div class=\"elementor-element elementor-element-23e5ec2 elementor-widget elementor-widget-google_maps\" data-id=\"23e5ec2\" data-element_type=\"widget\" data-widget_type=\"google_maps.default\">\n\t\t\t\t<div class=\"elementor-widget-container\">\n\t\t\t\t\t\t\t<div class=\"elementor-custom-embed\">\n\t\t\t<iframe loading=\"lazy\"\n\t\t\t\t\tsrc=\"https:\/\/maps.google.com\/maps?q=calle%20manuel%20tovar%2042%2C%202%C2%BA%2C%20Urban%20Lab&#038;t=m&#038;z=15&#038;output=embed&#038;iwloc=near\"\n\t\t\t\t\ttitle=\"calle manuel tovar 42, 2\u00ba, Urban Lab\"\n\t\t\t\t\taria-label=\"calle manuel tovar 42, 2\u00ba, Urban Lab\"\n\t\t\t><\/iframe>\n\t\t<\/div>\n\t\t\t\t\t\t<\/div>\n\t\t\t\t<\/div>\n\t\t\t\t<\/div>\n\t\t\t\t<\/div>\n\t\t<div class=\"elementor-element elementor-element-920a263 e-con-full e-flex e-con e-child\" data-id=\"920a263\" data-element_type=\"container\">\n\t\t<div class=\"elementor-element elementor-element-2dfc53d e-con-full e-flex e-con e-child\" data-id=\"2dfc53d\" data-element_type=\"container\">\n\t\t\t\t<div class=\"elementor-element elementor-element-76a1cf5 elementor-widget elementor-widget-text-editor\" data-id=\"76a1cf5\" data-element_type=\"widget\" data-widget_type=\"text-editor.default\">\n\t\t\t\t<div class=\"elementor-widget-container\">\n\t\t\t\t\t\t\t\t\t<p><strong>Madrid<\/strong><\/p><p>c\/Manuel Tovar 42, 2\u00ba, Urban Lab<\/p><p>28034 Madrid<\/p><p>Tel. +34 932 850 437<\/p><p><a href=\"mailto:info@qinera.com\">info@qinera.com<\/a><\/p>\t\t\t\t\t\t\t\t<\/div>\n\t\t\t\t<\/div>\n\t\t\t\t<\/div>\n\t\t\t\t<\/div>\n\t\t\t\t\t<\/div>\n\t\t\t\t<\/div>\n\t\t<div class=\"elementor-element elementor-element-6b02e4e e-flex e-con-boxed e-con e-parent\" data-id=\"6b02e4e\" data-element_type=\"container\">\n\t\t\t\t\t<div class=\"e-con-inner\">\n\t\t<div class=\"elementor-element elementor-element-413632d e-con-full e-flex e-con e-child\" data-id=\"413632d\" data-element_type=\"container\">\n\t\t<div class=\"elementor-element elementor-element-56f188f e-con-full e-flex e-con e-child\" data-id=\"56f188f\" data-element_type=\"container\">\n\t\t\t\t<div class=\"elementor-element elementor-element-7aab84d elementor-widget elementor-widget-google_maps\" data-id=\"7aab84d\" data-element_type=\"widget\" data-widget_type=\"google_maps.default\">\n\t\t\t\t<div class=\"elementor-widget-container\">\n\t\t\t\t\t\t\t<div class=\"elementor-custom-embed\">\n\t\t\t<iframe loading=\"lazy\"\n\t\t\t\t\tsrc=\"https:\/\/maps.google.com\/maps?q=Avenida%20El%20Bosque%20Norte%20Nro.%200226%20Oficina%20601%20Las%20Condes&#038;t=m&#038;z=15&#038;output=embed&#038;iwloc=near\"\n\t\t\t\t\ttitle=\"Avenida El Bosque Norte Nro. 0226 Oficina 601 Las Condes\"\n\t\t\t\t\taria-label=\"Avenida El Bosque Norte Nro. 0226 Oficina 601 Las Condes\"\n\t\t\t><\/iframe>\n\t\t<\/div>\n\t\t\t\t\t\t<\/div>\n\t\t\t\t<\/div>\n\t\t\t\t<\/div>\n\t\t\t\t<\/div>\n\t\t<div class=\"elementor-element elementor-element-100c107 e-con-full e-flex e-con e-child\" data-id=\"100c107\" data-element_type=\"container\">\n\t\t<div class=\"elementor-element elementor-element-91c121f e-con-full e-flex e-con e-child\" data-id=\"91c121f\" data-element_type=\"container\">\n\t\t\t\t<div class=\"elementor-element elementor-element-9853cc3 elementor-widget elementor-widget-text-editor\" data-id=\"9853cc3\" data-element_type=\"widget\" data-widget_type=\"text-editor.default\">\n\t\t\t\t<div class=\"elementor-widget-container\">\n\t\t\t\t\t\t\t\t\t<p><strong>Chile<\/strong><\/p><p><span style=\"font-weight: 400;\">Avenida <\/span><span style=\"font-weight: 400;\">El<\/span> <span style=\"font-weight: 400;\">Bosque<\/span> <span style=\"font-weight: 400;\">Norte<\/span><span style=\"font-weight: 400;\"> Nro. 0226 Oficina 601<br \/><\/span><\/p><p><span style=\"font-weight: 400;\">Las Condes<\/span><span style=\"font-weight: 400;\"><br \/><\/span><span style=\"font-weight: 400;\">Santiago<\/span><span style=\"font-weight: 400;\"> de Chile<\/span><\/p><p><span style=\"font-weight: 400;\">Tel: +56 9 7278 2893<\/span><\/p><p><a href=\"mailto:info@qinera.com\">info@qinera.com<\/a><\/p>\t\t\t\t\t\t\t\t<\/div>\n\t\t\t\t<\/div>\n\t\t\t\t<\/div>\n\t\t\t\t<\/div>\n\t\t\t\t\t<\/div>\n\t\t\t\t<\/div>\n\t\t\t\t<\/div>\n\t\t","protected":false},"excerpt":{"rendered":"<p>Cont\u00e1ctanos \u00a1Estamos a tu lado! Si necesitas ayuda o m\u00e1s informaci\u00f3n, no dudes en escribirnos. Estaremos encantados de ayudarte y te daremos respuesta a la mayor brevedad posible. \u00a1Te dise\u00f1amos&#8230;<\/p>\n","protected":false},"author":1,"featured_media":0,"parent":0,"menu_order":4,"comment_status":"closed","ping_status":"closed","template":"","meta":{"_acf_changed":false,"inline_featured_image":false,"footnotes":""},"class_list":["post-32","page","type-page","status-publish","hentry"],"acf":[],"yoast_head":"<!-- This site is optimized with the Yoast SEO plugin v26.1.1 - https:\/\/yoast.com\/wordpress\/plugins\/seo\/ -->\n<title>Contacto | Qinera<\/title>\n<meta name=\"description\" content=\"Resuelve tus dudas desde nuestro contacto para asistencia t\u00e9cnica especializada. \u00a1Solicita tu contacto para asistencia t\u00e9cnica ahora mismo!\" \/>\n<meta name=\"robots\" content=\"index, follow, max-snippet:-1, max-image-preview:large, max-video-preview:-1\" \/>\n<link rel=\"canonical\" href=\"https:\/\/qinera.com\/es\/contacta\/\" \/>\n<meta property=\"og:locale\" content=\"es_ES\" \/>\n<meta property=\"og:type\" content=\"article\" \/>\n<meta property=\"og:title\" content=\"Contacto | Qinera\" \/>\n<meta property=\"og:description\" content=\"Resuelve tus dudas desde nuestro contacto para asistencia t\u00e9cnica especializada. \u00a1Solicita tu contacto para asistencia t\u00e9cnica ahora mismo!\" \/>\n<meta property=\"og:url\" content=\"https:\/\/qinera.com\/es\/contacta\/\" \/>\n<meta property=\"og:site_name\" content=\"Qinera\" \/>\n<meta property=\"article:modified_time\" content=\"2025-11-17T14:40:00+00:00\" \/>\n<meta name=\"twitter:card\" content=\"summary_large_image\" \/>\n<meta name=\"twitter:label1\" content=\"Tiempo de lectura\" \/>\n\t<meta name=\"twitter:data1\" content=\"1 minuto\" \/>\n<script type=\"application\/ld+json\" class=\"yoast-schema-graph\">{\"@context\":\"https:\/\/schema.org\",\"@graph\":[{\"@type\":\"WebPage\",\"@id\":\"https:\/\/qinera.com\/es\/contacta\/\",\"url\":\"https:\/\/qinera.com\/es\/contacta\/\",\"name\":\"Contacto | Qinera\",\"isPartOf\":{\"@id\":\"https:\/\/qinera.com\/es\/#website\"},\"datePublished\":\"2023-09-12T14:42:15+00:00\",\"dateModified\":\"2025-11-17T14:40:00+00:00\",\"description\":\"Resuelve tus dudas desde nuestro contacto para asistencia t\u00e9cnica especializada. \u00a1Solicita tu contacto para asistencia t\u00e9cnica ahora mismo!\",\"breadcrumb\":{\"@id\":\"https:\/\/qinera.com\/es\/contacta\/#breadcrumb\"},\"inLanguage\":\"es\",\"potentialAction\":[{\"@type\":\"ReadAction\",\"target\":[\"https:\/\/qinera.com\/es\/contacta\/\"]}]},{\"@type\":\"BreadcrumbList\",\"@id\":\"https:\/\/qinera.com\/es\/contacta\/#breadcrumb\",\"itemListElement\":[{\"@type\":\"ListItem\",\"position\":1,\"name\":\"Portada\",\"item\":\"https:\/\/qinera.com\/es\/\"},{\"@type\":\"ListItem\",\"position\":2,\"name\":\"Contacta\"}]},{\"@type\":\"WebSite\",\"@id\":\"https:\/\/qinera.com\/es\/#website\",\"url\":\"https:\/\/qinera.com\/es\/\",\"name\":\"Qinera\",\"description\":\"\",\"potentialAction\":[{\"@type\":\"SearchAction\",\"target\":{\"@type\":\"EntryPoint\",\"urlTemplate\":\"https:\/\/qinera.com\/es\/?s={search_term_string}\"},\"query-input\":{\"@type\":\"PropertyValueSpecification\",\"valueRequired\":true,\"valueName\":\"search_term_string\"}}],\"inLanguage\":\"es\"}]}<\/script>\n<!-- \/ Yoast SEO plugin. -->","yoast_head_json":{"title":"Contacto | Qinera","description":"Resuelve tus dudas desde nuestro contacto para asistencia t\u00e9cnica especializada. \u00a1Solicita tu contacto para asistencia t\u00e9cnica ahora mismo!","robots":{"index":"index","follow":"follow","max-snippet":"max-snippet:-1","max-image-preview":"max-image-preview:large","max-video-preview":"max-video-preview:-1"},"canonical":"https:\/\/qinera.com\/es\/contacta\/","og_locale":"es_ES","og_type":"article","og_title":"Contacto | Qinera","og_description":"Resuelve tus dudas desde nuestro contacto para asistencia t\u00e9cnica especializada. \u00a1Solicita tu contacto para asistencia t\u00e9cnica ahora mismo!","og_url":"https:\/\/qinera.com\/es\/contacta\/","og_site_name":"Qinera","article_modified_time":"2025-11-17T14:40:00+00:00","twitter_card":"summary_large_image","twitter_misc":{"Tiempo de lectura":"1 minuto"},"schema":{"@context":"https:\/\/schema.org","@graph":[{"@type":"WebPage","@id":"https:\/\/qinera.com\/es\/contacta\/","url":"https:\/\/qinera.com\/es\/contacta\/","name":"Contacto | Qinera","isPartOf":{"@id":"https:\/\/qinera.com\/es\/#website"},"datePublished":"2023-09-12T14:42:15+00:00","dateModified":"2025-11-17T14:40:00+00:00","description":"Resuelve tus dudas desde nuestro contacto para asistencia t\u00e9cnica especializada. \u00a1Solicita tu contacto para asistencia t\u00e9cnica ahora mismo!","breadcrumb":{"@id":"https:\/\/qinera.com\/es\/contacta\/#breadcrumb"},"inLanguage":"es","potentialAction":[{"@type":"ReadAction","target":["https:\/\/qinera.com\/es\/contacta\/"]}]},{"@type":"BreadcrumbList","@id":"https:\/\/qinera.com\/es\/contacta\/#breadcrumb","itemListElement":[{"@type":"ListItem","position":1,"name":"Portada","item":"https:\/\/qinera.com\/es\/"},{"@type":"ListItem","position":2,"name":"Contacta"}]},{"@type":"WebSite","@id":"https:\/\/qinera.com\/es\/#website","url":"https:\/\/qinera.com\/es\/","name":"Qinera","description":"","potentialAction":[{"@type":"SearchAction","target":{"@type":"EntryPoint","urlTemplate":"https:\/\/qinera.com\/es\/?s={search_term_string}"},"query-input":{"@type":"PropertyValueSpecification","valueRequired":true,"valueName":"search_term_string"}}],"inLanguage":"es"}]}},"_links":{"self":[{"href":"https:\/\/qinera.com\/es\/wp-json\/wp\/v2\/pages\/32","targetHints":{"allow":["GET"]}}],"collection":[{"href":"https:\/\/qinera.com\/es\/wp-json\/wp\/v2\/pages"}],"about":[{"href":"https:\/\/qinera.com\/es\/wp-json\/wp\/v2\/types\/page"}],"author":[{"embeddable":true,"href":"https:\/\/qinera.com\/es\/wp-json\/wp\/v2\/users\/1"}],"replies":[{"embeddable":true,"href":"https:\/\/qinera.com\/es\/wp-json\/wp\/v2\/comments?post=32"}],"version-history":[{"count":4,"href":"https:\/\/qinera.com\/es\/wp-json\/wp\/v2\/pages\/32\/revisions"}],"predecessor-version":[{"id":6638,"href":"https:\/\/qinera.com\/es\/wp-json\/wp\/v2\/pages\/32\/revisions\/6638"}],"wp:attachment":[{"href":"https:\/\/qinera.com\/es\/wp-json\/wp\/v2\/media?parent=32"}],"curies":[{"name":"wp","href":"https:\/\/api.w.org\/{rel}","templated":true}]}}