{"id":4677,"date":"2024-08-22T14:33:40","date_gmt":"2024-08-22T12:33:40","guid":{"rendered":"https:\/\/qinera.com\/?page_id=4677"},"modified":"2024-08-22T14:39:25","modified_gmt":"2024-08-22T12:39:25","slug":"formulari-sistemas-de-comunicacion-financiados","status":"publish","type":"page","link":"https:\/\/qinera.com\/es\/formulari-sistemas-de-comunicacion-financiados\/","title":{"rendered":"Formulari Sistemas de Comunicaci\u00f3n Financiados"},"content":{"rendered":"\t\t<div data-elementor-type=\"wp-page\" data-elementor-id=\"4677\" class=\"elementor elementor-4677\" data-elementor-post-type=\"page\">\n\t\t\t\t<div class=\"elementor-element elementor-element-1a3f1d1 e-flex e-con-boxed e-con e-parent\" data-id=\"1a3f1d1\" data-element_type=\"container\">\n\t\t\t\t\t<div class=\"e-con-inner\">\n\t\t<div class=\"elementor-element elementor-element-12d0c10 e-con-full e-flex e-con e-child\" data-id=\"12d0c10\" data-element_type=\"container\">\n\t\t<div class=\"elementor-element elementor-element-c4ab370 e-con-full e-flex e-con e-child\" data-id=\"c4ab370\" data-element_type=\"container\">\n\t\t\t\t<div class=\"elementor-element elementor-element-22c8c9f elementor-widget elementor-widget-text-editor\" data-id=\"22c8c9f\" data-element_type=\"widget\" data-widget_type=\"text-editor.default\">\n\t\t\t\t<div class=\"elementor-widget-container\">\n\t\t\t\t\t\t\t\t\t<div><div>En algunas comunidades aut\u00f3nomas, la Sanidad P\u00fablica ya est\u00e1 financiando los lectores oculares y otros\u00a0<b>sistemas de comunicaci\u00f3n aumentativa<\/b>\u00a0(SAAC)\u00a0<b>para personas con trastorno neuromotor grave\u00a0y afectaci\u00f3n severa\u00a0<\/b>en los miembros superiores.<\/div><div>\u00a0<\/div><div>Desde Qinera, ya estamos trabajando con hospitales y centros de referencia, ofreciendo un\u00a0<b>servicio integral de soluciones, servicios y acompa\u00f1amiento para personas afectadas de ELA o par\u00e1lisis cerebral<\/b>, entre otros. Tanto si eres paciente, familiar, como si trabajas en un hospital, d\u00e9janos tus datos y estaremos a tu lado para ayudarte en el proceso.<\/div><\/div><div>\u00a0<\/div>\t\t\t\t\t\t\t\t<\/div>\n\t\t\t\t<\/div>\n\t\t\t\t<div class=\"elementor-element elementor-element-20aa463 contacto elementor-widget elementor-widget-shortcode\" data-id=\"20aa463\" data-element_type=\"widget\" data-widget_type=\"shortcode.default\">\n\t\t\t\t<div class=\"elementor-widget-container\">\n\t\t\t\t\t\t\t<div class=\"elementor-shortcode\">\n<div class=\"wpcf7 no-js\" id=\"wpcf7-f6-o1\" lang=\"es-ES\" dir=\"ltr\" data-wpcf7-id=\"6\">\n<div class=\"screen-reader-response\"><p role=\"status\" aria-live=\"polite\" aria-atomic=\"true\"><\/p> <ul><\/ul><\/div>\n<form action=\"\/es\/wp-json\/wp\/v2\/pages\/4677#wpcf7-f6-o1\" method=\"post\" class=\"wpcf7-form init\" aria-label=\"Formulario de contacto\" novalidate=\"novalidate\" data-status=\"init\">\n<fieldset class=\"hidden-fields-container\"><input type=\"hidden\" name=\"_wpcf7\" value=\"6\" \/><input type=\"hidden\" name=\"_wpcf7_version\" value=\"6.1.1\" \/><input type=\"hidden\" name=\"_wpcf7_locale\" value=\"es_ES\" \/><input type=\"hidden\" name=\"_wpcf7_unit_tag\" value=\"wpcf7-f6-o1\" \/><input type=\"hidden\" name=\"_wpcf7_container_post\" value=\"0\" \/><input type=\"hidden\" name=\"_wpcf7_posted_data_hash\" value=\"\" \/><input type=\"hidden\" name=\"_wpcf7_recaptcha_response\" value=\"\" \/>\n<\/fieldset>\n<div class=\"row\">\n\t<div class=\"col-md-6\">\n\t\t<p><label>Nombre<br \/>\n<span class=\"wpcf7-form-control-wrap\" data-name=\"your-name\"><input size=\"40\" maxlength=\"400\" class=\"wpcf7-form-control wpcf7-text wpcf7-validates-as-required\" aria-required=\"true\" aria-invalid=\"false\" value=\"\" type=\"text\" name=\"your-name\" \/><\/span> <\/label>\n\t\t<\/p>\n\t<\/div>\n\t<div class=\"col-md-6\">\n\t\t<p><label>Tel\u00e9fono<br \/>\n<span class=\"wpcf7-form-control-wrap\" data-name=\"Telfono\"><input size=\"40\" maxlength=\"400\" class=\"wpcf7-form-control wpcf7-tel wpcf7-validates-as-required wpcf7-text wpcf7-validates-as-tel\" aria-required=\"true\" aria-invalid=\"false\" value=\"\" type=\"tel\" name=\"Telfono\" \/><\/span> <\/label>\n\t\t<\/p>\n\t<\/div>\n\t<div class=\"col-md-6\">\n\t\t<p><label>Correo electr\u00f3nico<br \/>\n<span class=\"wpcf7-form-control-wrap\" data-name=\"your-email\"><input size=\"40\" maxlength=\"400\" class=\"wpcf7-form-control wpcf7-email wpcf7-validates-as-required wpcf7-text wpcf7-validates-as-email\" aria-required=\"true\" aria-invalid=\"false\" value=\"\" type=\"email\" name=\"your-email\" \/><\/span> <\/label>\n\t\t<\/p>\n\t<\/div>\n\t<div class=\"col-md-6\">\n\t\t<p><label>Asunto<br \/>\n<span class=\"wpcf7-form-control-wrap\" data-name=\"your-subject\"><input size=\"40\" maxlength=\"400\" class=\"wpcf7-form-control wpcf7-text wpcf7-validates-as-required\" aria-required=\"true\" aria-invalid=\"false\" value=\"\" type=\"text\" name=\"your-subject\" \/><\/span> <\/label>\n\t\t<\/p>\n\t<\/div>\n\t<div class=\"col-md-12\">\n\t\t<p><label>Mensaje<br \/>\n<span class=\"wpcf7-form-control-wrap\" data-name=\"your-message\"><textarea cols=\"40\" rows=\"10\" maxlength=\"2000\" class=\"wpcf7-form-control wpcf7-textarea\" aria-invalid=\"false\" name=\"your-message\"><\/textarea><\/span> <\/label>\n\t\t<\/p>\n\t<\/div>\n\t<div class=\"col-md-12\">\n\t\t<p><span class=\"wpcf7-form-control-wrap\" data-name=\"politica\"><span class=\"wpcf7-form-control wpcf7-acceptance\"><span class=\"wpcf7-list-item\"><label><input type=\"checkbox\" name=\"politica\" value=\"1\" aria-invalid=\"false\" \/><span class=\"wpcf7-list-item-label\">Acepto la pol\u00edtica de privacidad *<\/span><\/label><\/span><\/span><\/span>\n\t\t<\/p>\n\t<\/div>\n\t<div class=\"col-md-12\">\n\t\t<p><span class=\"wpcf7-form-control-wrap\" data-name=\"newsletter\"><span class=\"wpcf7-form-control wpcf7-acceptance optional\"><span class=\"wpcf7-list-item\"><label><input type=\"checkbox\" name=\"newsletter\" value=\"1\" aria-invalid=\"false\" \/><span class=\"wpcf7-list-item-label\">Quiero recibir noticias y novedades<\/span><\/label><\/span><\/span><\/span>\n\t\t<\/p>\n\t<\/div>\n\t<div class=\"col-md-12\">\n\t\t<p><input class=\"wpcf7-form-control wpcf7-submit has-spinner\" type=\"submit\" value=\"Enviar\" \/>\n\t\t<\/p>\n\t<\/div>\n<\/div><div class=\"wpcf7-response-output\" aria-hidden=\"true\"><\/div>\n<\/form>\n<\/div>\n<\/div>\n\t\t\t\t\t\t<\/div>\n\t\t\t\t<\/div>\n\t\t\t\t<\/div>\n\t\t\t\t<\/div>\n\t\t<div class=\"elementor-element elementor-element-8853a81 e-con-full e-flex e-con e-child\" data-id=\"8853a81\" data-element_type=\"container\">\n\t\t\t\t<\/div>\n\t\t\t\t\t<\/div>\n\t\t\t\t<\/div>\n\t\t\t\t<\/div>\n\t\t","protected":false},"excerpt":{"rendered":"<p>En algunas comunidades aut\u00f3nomas, la Sanidad P\u00fablica ya est\u00e1 financiando los lectores oculares y otros\u00a0sistemas de comunicaci\u00f3n aumentativa\u00a0(SAAC)\u00a0para personas con trastorno neuromotor grave\u00a0y afectaci\u00f3n severa\u00a0en los miembros superiores.\u00a0Desde Qinera, ya&#8230;<\/p>\n","protected":false},"author":1,"featured_media":0,"parent":0,"menu_order":4,"comment_status":"closed","ping_status":"closed","template":"","meta":{"_acf_changed":false,"inline_featured_image":false,"footnotes":""},"class_list":["post-4677","page","type-page","status-publish","hentry"],"acf":[],"yoast_head":"<!-- This site is optimized with the Yoast SEO plugin v26.1.1 - https:\/\/yoast.com\/wordpress\/plugins\/seo\/ -->\n<title>Formulari Sistemas de Comunicaci\u00f3n Financiados - Qinera<\/title>\n<meta name=\"robots\" content=\"index, follow, max-snippet:-1, max-image-preview:large, max-video-preview:-1\" \/>\n<link rel=\"canonical\" href=\"https:\/\/qinera.com\/es\/formulari-sistemas-de-comunicacion-financiados\/\" \/>\n<meta property=\"og:locale\" content=\"es_ES\" \/>\n<meta property=\"og:type\" content=\"article\" \/>\n<meta property=\"og:title\" content=\"Formulari Sistemas de Comunicaci\u00f3n Financiados - Qinera\" \/>\n<meta property=\"og:description\" content=\"En algunas comunidades aut\u00f3nomas, la Sanidad P\u00fablica ya est\u00e1 financiando los lectores oculares y otros\u00a0sistemas de comunicaci\u00f3n aumentativa\u00a0(SAAC)\u00a0para personas con trastorno neuromotor grave\u00a0y afectaci\u00f3n severa\u00a0en los miembros superiores.\u00a0Desde Qinera, ya...\" \/>\n<meta property=\"og:url\" content=\"https:\/\/qinera.com\/es\/formulari-sistemas-de-comunicacion-financiados\/\" \/>\n<meta property=\"og:site_name\" content=\"Qinera\" \/>\n<meta property=\"article:modified_time\" content=\"2024-08-22T12:39:25+00:00\" \/>\n<meta name=\"twitter:card\" content=\"summary_large_image\" \/>\n<meta name=\"twitter:label1\" content=\"Tiempo de lectura\" \/>\n\t<meta name=\"twitter:data1\" content=\"1 minuto\" \/>\n<script type=\"application\/ld+json\" class=\"yoast-schema-graph\">{\"@context\":\"https:\/\/schema.org\",\"@graph\":[{\"@type\":\"WebPage\",\"@id\":\"https:\/\/qinera.com\/es\/formulari-sistemas-de-comunicacion-financiados\/\",\"url\":\"https:\/\/qinera.com\/es\/formulari-sistemas-de-comunicacion-financiados\/\",\"name\":\"Formulari Sistemas de Comunicaci\u00f3n Financiados - Qinera\",\"isPartOf\":{\"@id\":\"https:\/\/qinera.com\/es\/#website\"},\"datePublished\":\"2024-08-22T12:33:40+00:00\",\"dateModified\":\"2024-08-22T12:39:25+00:00\",\"breadcrumb\":{\"@id\":\"https:\/\/qinera.com\/es\/formulari-sistemas-de-comunicacion-financiados\/#breadcrumb\"},\"inLanguage\":\"es\",\"potentialAction\":[{\"@type\":\"ReadAction\",\"target\":[\"https:\/\/qinera.com\/es\/formulari-sistemas-de-comunicacion-financiados\/\"]}]},{\"@type\":\"BreadcrumbList\",\"@id\":\"https:\/\/qinera.com\/es\/formulari-sistemas-de-comunicacion-financiados\/#breadcrumb\",\"itemListElement\":[{\"@type\":\"ListItem\",\"position\":1,\"name\":\"Portada\",\"item\":\"https:\/\/qinera.com\/es\/\"},{\"@type\":\"ListItem\",\"position\":2,\"name\":\"Formulari Sistemas de Comunicaci\u00f3n Financiados\"}]},{\"@type\":\"WebSite\",\"@id\":\"https:\/\/qinera.com\/es\/#website\",\"url\":\"https:\/\/qinera.com\/es\/\",\"name\":\"Qinera\",\"description\":\"\",\"potentialAction\":[{\"@type\":\"SearchAction\",\"target\":{\"@type\":\"EntryPoint\",\"urlTemplate\":\"https:\/\/qinera.com\/es\/?s={search_term_string}\"},\"query-input\":{\"@type\":\"PropertyValueSpecification\",\"valueRequired\":true,\"valueName\":\"search_term_string\"}}],\"inLanguage\":\"es\"}]}<\/script>\n<!-- \/ Yoast SEO plugin. -->","yoast_head_json":{"title":"Formulari Sistemas de Comunicaci\u00f3n Financiados - Qinera","robots":{"index":"index","follow":"follow","max-snippet":"max-snippet:-1","max-image-preview":"max-image-preview:large","max-video-preview":"max-video-preview:-1"},"canonical":"https:\/\/qinera.com\/es\/formulari-sistemas-de-comunicacion-financiados\/","og_locale":"es_ES","og_type":"article","og_title":"Formulari Sistemas de Comunicaci\u00f3n Financiados - Qinera","og_description":"En algunas comunidades aut\u00f3nomas, la Sanidad P\u00fablica ya est\u00e1 financiando los lectores oculares y otros\u00a0sistemas de comunicaci\u00f3n aumentativa\u00a0(SAAC)\u00a0para personas con trastorno neuromotor grave\u00a0y afectaci\u00f3n severa\u00a0en los miembros superiores.\u00a0Desde Qinera, ya...","og_url":"https:\/\/qinera.com\/es\/formulari-sistemas-de-comunicacion-financiados\/","og_site_name":"Qinera","article_modified_time":"2024-08-22T12:39:25+00:00","twitter_card":"summary_large_image","twitter_misc":{"Tiempo de lectura":"1 minuto"},"schema":{"@context":"https:\/\/schema.org","@graph":[{"@type":"WebPage","@id":"https:\/\/qinera.com\/es\/formulari-sistemas-de-comunicacion-financiados\/","url":"https:\/\/qinera.com\/es\/formulari-sistemas-de-comunicacion-financiados\/","name":"Formulari Sistemas de Comunicaci\u00f3n Financiados - Qinera","isPartOf":{"@id":"https:\/\/qinera.com\/es\/#website"},"datePublished":"2024-08-22T12:33:40+00:00","dateModified":"2024-08-22T12:39:25+00:00","breadcrumb":{"@id":"https:\/\/qinera.com\/es\/formulari-sistemas-de-comunicacion-financiados\/#breadcrumb"},"inLanguage":"es","potentialAction":[{"@type":"ReadAction","target":["https:\/\/qinera.com\/es\/formulari-sistemas-de-comunicacion-financiados\/"]}]},{"@type":"BreadcrumbList","@id":"https:\/\/qinera.com\/es\/formulari-sistemas-de-comunicacion-financiados\/#breadcrumb","itemListElement":[{"@type":"ListItem","position":1,"name":"Portada","item":"https:\/\/qinera.com\/es\/"},{"@type":"ListItem","position":2,"name":"Formulari Sistemas de Comunicaci\u00f3n Financiados"}]},{"@type":"WebSite","@id":"https:\/\/qinera.com\/es\/#website","url":"https:\/\/qinera.com\/es\/","name":"Qinera","description":"","potentialAction":[{"@type":"SearchAction","target":{"@type":"EntryPoint","urlTemplate":"https:\/\/qinera.com\/es\/?s={search_term_string}"},"query-input":{"@type":"PropertyValueSpecification","valueRequired":true,"valueName":"search_term_string"}}],"inLanguage":"es"}]}},"_links":{"self":[{"href":"https:\/\/qinera.com\/es\/wp-json\/wp\/v2\/pages\/4677","targetHints":{"allow":["GET"]}}],"collection":[{"href":"https:\/\/qinera.com\/es\/wp-json\/wp\/v2\/pages"}],"about":[{"href":"https:\/\/qinera.com\/es\/wp-json\/wp\/v2\/types\/page"}],"author":[{"embeddable":true,"href":"https:\/\/qinera.com\/es\/wp-json\/wp\/v2\/users\/1"}],"replies":[{"embeddable":true,"href":"https:\/\/qinera.com\/es\/wp-json\/wp\/v2\/comments?post=4677"}],"version-history":[{"count":0,"href":"https:\/\/qinera.com\/es\/wp-json\/wp\/v2\/pages\/4677\/revisions"}],"wp:attachment":[{"href":"https:\/\/qinera.com\/es\/wp-json\/wp\/v2\/media?parent=4677"}],"curies":[{"name":"wp","href":"https:\/\/api.w.org\/{rel}","templated":true}]}}